{"id":7958,"date":"2024-07-10T11:26:34","date_gmt":"2024-07-10T09:26:34","guid":{"rendered":"https:\/\/turismo-wheels.com\/?post_type=product&#038;p=7958"},"modified":"2025-12-15T16:53:16","modified_gmt":"2025-12-15T15:53:16","slug":"turismo-gts02","status":"publish","type":"product","link":"https:\/\/turismo-wheels.com\/en\/prod\/turismo-gts02\/","title":{"rendered":"Turismo GTS02"},"content":{"rendered":"<p><strong>Turismo wheels from the GTS series<\/strong> are an ideal option for people looking for an alternative to standard aluminum wheels. <a href=\"https:\/\/turismo-wheels.com\/en\/02\/what-are-aluminum-wheels-made-of\/\">Turismo GTS are made using the flowforming technology<\/a>, which guarantees their increased durability compared to cast wheels, while reducing their weight. Classic design will work in virtually any car.<\/p>\n<p style=\"text-align: center;\">We offer <strong>GTS02<\/strong> wheels in <strong>Satin Black finish<\/strong>.<br \/>\nIf your car is not on the list &#8211; write to us &#8211; we will be happy to check availability.<\/p>\n","protected":false},"excerpt":{"rendered":"<p><strong>Turismo wheels from the GTS series<\/strong> are an ideal option for people looking for an alternative to standard aluminum wheels. <a href=\"https:\/\/turismo-wheels.com\/en\/02\/what-are-aluminum-wheels-made-of\/\">Turismo GTS are made using the flowforming technology<\/a>, which guarantees their increased durability compared to cast wheels, while reducing their weight. Classic design will work in virtually any car.<\/p>\n","protected":false},"featured_media":8033,"template":"","meta":{"_acf_changed":false},"product_brand":[],"product_cat":[911],"product_tag":[916,913,914,915,912,540],"class_list":{"0":"post-7958","1":"product","2":"type-product","3":"status-publish","4":"has-post-thumbnail","6":"product_cat-flowform-wheels-in-stock","7":"product_tag-flowform-en","8":"product_tag-gts-en","9":"product_tag-gts01-en","10":"product_tag-gts02-en","11":"product_tag-satin-graphite-en","12":"product_tag-turismo-en","13":"product_shipping_class-large-en","15":"first","16":"instock","17":"sale","18":"taxable","19":"shipping-taxable","20":"purchasable","21":"product-type-variable","22":"wvs-archive-product-wrapper"},"acf":[],"yoast_head":"<!-- This site is optimized with the Yoast SEO Premium plugin v26.2 (Yoast SEO v26.2) - https:\/\/yoast.com\/wordpress\/plugins\/seo\/ -->\n<title>Turismo GTS02 &#8212; Turismo Wheels<\/title>\n<meta name=\"robots\" content=\"index, follow, max-snippet:-1, max-image-preview:large, max-video-preview:-1\" \/>\n<link rel=\"canonical\" href=\"https:\/\/turismo-wheels.com\/en\/prod\/turismo-gts02\/\" \/>\n<meta property=\"og:locale\" content=\"en_US\" \/>\n<meta property=\"og:type\" content=\"article\" \/>\n<meta property=\"og:title\" content=\"Turismo GTS02\" \/>\n<meta property=\"og:description\" content=\"Turismo wheels from the GTS series are an ideal option for people looking for an alternative to standard aluminum wheels. Turismo GTS are made using the flowforming technology, which guarantees their increased durability compared to cast wheels, while reducing their weight. Classic design will work in virtually any car.\" \/>\n<meta property=\"og:url\" content=\"https:\/\/turismo-wheels.com\/en\/prod\/turismo-gts02\/\" \/>\n<meta property=\"og:site_name\" content=\"Turismo Wheels\" \/>\n<meta property=\"article:publisher\" content=\"https:\/\/www.facebook.com\/turismowheels\" \/>\n<meta property=\"article:modified_time\" content=\"2025-12-15T15:53:16+00:00\" \/>\n<meta property=\"og:image\" content=\"https:\/\/turismo-wheels.com\/wp-content\/uploads\/2024\/07\/TURISMO-FLOWFORM-GTS02_01-1024x1024.png\" \/>\n\t<meta property=\"og:image:width\" content=\"1024\" \/>\n\t<meta property=\"og:image:height\" content=\"1024\" \/>\n\t<meta property=\"og:image:type\" content=\"image\/png\" \/>\n<meta name=\"twitter:card\" content=\"summary_large_image\" \/>\n<meta name=\"twitter:label1\" content=\"Availability\" \/>\n\t<meta name=\"twitter:data1\" content=\"In stock\" \/>\n<script type=\"application\/ld+json\" class=\"yoast-schema-graph\">{\"@context\":\"https:\/\/schema.org\",\"@graph\":[{\"@type\":\"WebPage\",\"@id\":\"https:\/\/turismo-wheels.com\/en\/prod\/turismo-gts02\/\",\"url\":\"https:\/\/turismo-wheels.com\/en\/prod\/turismo-gts02\/\",\"name\":\"Turismo GTS02 &#8212; Turismo Wheels\",\"isPartOf\":{\"@id\":\"https:\/\/turismo-wheels.com\/#website\"},\"primaryImageOfPage\":{\"@id\":\"https:\/\/turismo-wheels.com\/en\/prod\/turismo-gts02\/#primaryimage\"},\"image\":{\"@id\":\"https:\/\/turismo-wheels.com\/en\/prod\/turismo-gts02\/#primaryimage\"},\"thumbnailUrl\":\"https:\/\/turismo-wheels.com\/wp-content\/uploads\/2024\/07\/TURISMO-FLOWFORM-GTS02_01.png\",\"datePublished\":\"2024-07-10T09:26:34+00:00\",\"dateModified\":\"2025-12-15T15:53:16+00:00\",\"breadcrumb\":{\"@id\":\"https:\/\/turismo-wheels.com\/en\/prod\/turismo-gts02\/#breadcrumb\"},\"inLanguage\":\"en-US\",\"potentialAction\":[{\"@type\":\"ReadAction\",\"target\":[\"https:\/\/turismo-wheels.com\/en\/prod\/turismo-gts02\/\"]}]},{\"@type\":\"ImageObject\",\"inLanguage\":\"en-US\",\"@id\":\"https:\/\/turismo-wheels.com\/en\/prod\/turismo-gts02\/#primaryimage\",\"url\":\"https:\/\/turismo-wheels.com\/wp-content\/uploads\/2024\/07\/TURISMO-FLOWFORM-GTS02_01.png\",\"contentUrl\":\"https:\/\/turismo-wheels.com\/wp-content\/uploads\/2024\/07\/TURISMO-FLOWFORM-GTS02_01.png\",\"width\":2560,\"height\":2560,\"caption\":\"Turismo Flowform GTS02 Satin Black\"},{\"@type\":\"BreadcrumbList\",\"@id\":\"https:\/\/turismo-wheels.com\/en\/prod\/turismo-gts02\/#breadcrumb\",\"itemListElement\":[{\"@type\":\"ListItem\",\"position\":1,\"name\":\"Home\",\"item\":\"https:\/\/turismo-wheels.com\/en\/home\/\"},{\"@type\":\"ListItem\",\"position\":2,\"name\":\"Shop\",\"item\":\"https:\/\/turismo-wheels.com\/en\/shop\/\"},{\"@type\":\"ListItem\",\"position\":3,\"name\":\"Turismo GTS02\"}]},{\"@type\":\"WebSite\",\"@id\":\"https:\/\/turismo-wheels.com\/#website\",\"url\":\"https:\/\/turismo-wheels.com\/\",\"name\":\"Turismo Wheels\",\"description\":\"Manufacturer of flowform wheels and custom forged aluminum wheels\",\"publisher\":{\"@id\":\"https:\/\/turismo-wheels.com\/#organization\"},\"potentialAction\":[{\"@type\":\"SearchAction\",\"target\":{\"@type\":\"EntryPoint\",\"urlTemplate\":\"https:\/\/turismo-wheels.com\/?s={search_term_string}\"},\"query-input\":{\"@type\":\"PropertyValueSpecification\",\"valueRequired\":true,\"valueName\":\"search_term_string\"}}],\"inLanguage\":\"en-US\"},{\"@type\":\"Organization\",\"@id\":\"https:\/\/turismo-wheels.com\/#organization\",\"name\":\"Turismo Wheels\",\"alternateName\":\"Turismo\",\"url\":\"https:\/\/turismo-wheels.com\/\",\"logo\":{\"@type\":\"ImageObject\",\"inLanguage\":\"en-US\",\"@id\":\"https:\/\/turismo-wheels.com\/#\/schema\/logo\/image\/\",\"url\":\"https:\/\/turismo-wheels.com\/wp-content\/uploads\/2024\/03\/turismo-logo-rgb-sygnet.png\",\"contentUrl\":\"https:\/\/turismo-wheels.com\/wp-content\/uploads\/2024\/03\/turismo-logo-rgb-sygnet.png\",\"width\":512,\"height\":512,\"caption\":\"Turismo Wheels\"},\"image\":{\"@id\":\"https:\/\/turismo-wheels.com\/#\/schema\/logo\/image\/\"},\"sameAs\":[\"https:\/\/www.facebook.com\/turismowheels\",\"https:\/\/www.instagram.com\/turismo_wheels\/\",\"https:\/\/www.youtube.com\/@turismo_wheels\"],\"description\":\"Producent najwy\u017cszej jako\u015bci felg aluminiowych z kutego aluminium 6061 oraz magnezu do samochod\u00f3w klasy premium.\",\"email\":\"bok@turismo-wheels.com\",\"telephone\":\"+48 798 412 782\",\"legalName\":\"Turismo sp. z o.o.\",\"vatID\":\"PL8943152934\",\"numberOfEmployees\":{\"@type\":\"QuantitativeValue\",\"minValue\":\"1\",\"maxValue\":\"10\"},\"hasMerchantReturnPolicy\":{\"@type\":\"MerchantReturnPolicy\",\"merchantReturnLink\":\"https:\/\/turismo-wheels.com\/polityka-zwrotow\/\"}}]}<\/script>\n<meta property=\"product:brand\" content=\"Turismo\" \/>\n<meta property=\"og:availability\" content=\"instock\" \/>\n<meta property=\"product:availability\" content=\"instock\" \/>\n<meta property=\"product:retailer_item_id\" content=\"FF_GTS02\" \/>\n<meta property=\"product:condition\" content=\"new\" \/>\n<!-- \/ Yoast SEO Premium plugin. -->","yoast_head_json":{"title":"Turismo GTS02 &#8212; Turismo Wheels","robots":{"index":"index","follow":"follow","max-snippet":"max-snippet:-1","max-image-preview":"max-image-preview:large","max-video-preview":"max-video-preview:-1"},"canonical":"https:\/\/turismo-wheels.com\/en\/prod\/turismo-gts02\/","og_locale":"en_US","og_type":"article","og_title":"Turismo GTS02","og_description":"Turismo wheels from the GTS series are an ideal option for people looking for an alternative to standard aluminum wheels. Turismo GTS are made using the flowforming technology, which guarantees their increased durability compared to cast wheels, while reducing their weight. Classic design will work in virtually any car.","og_url":"https:\/\/turismo-wheels.com\/en\/prod\/turismo-gts02\/","og_site_name":"Turismo Wheels","article_publisher":"https:\/\/www.facebook.com\/turismowheels","article_modified_time":"2025-12-15T15:53:16+00:00","og_image":[{"width":1024,"height":1024,"url":"https:\/\/turismo-wheels.com\/wp-content\/uploads\/2024\/07\/TURISMO-FLOWFORM-GTS02_01-1024x1024.png","type":"image\/png"}],"twitter_card":"summary_large_image","twitter_misc":{"Availability":"In stock"},"schema":{"@context":"https:\/\/schema.org","@graph":[{"@type":"WebPage","@id":"https:\/\/turismo-wheels.com\/en\/prod\/turismo-gts02\/","url":"https:\/\/turismo-wheels.com\/en\/prod\/turismo-gts02\/","name":"Turismo GTS02 &#8212; Turismo Wheels","isPartOf":{"@id":"https:\/\/turismo-wheels.com\/#website"},"primaryImageOfPage":{"@id":"https:\/\/turismo-wheels.com\/en\/prod\/turismo-gts02\/#primaryimage"},"image":{"@id":"https:\/\/turismo-wheels.com\/en\/prod\/turismo-gts02\/#primaryimage"},"thumbnailUrl":"https:\/\/turismo-wheels.com\/wp-content\/uploads\/2024\/07\/TURISMO-FLOWFORM-GTS02_01.png","datePublished":"2024-07-10T09:26:34+00:00","dateModified":"2025-12-15T15:53:16+00:00","breadcrumb":{"@id":"https:\/\/turismo-wheels.com\/en\/prod\/turismo-gts02\/#breadcrumb"},"inLanguage":"en-US","potentialAction":[{"@type":"ReadAction","target":["https:\/\/turismo-wheels.com\/en\/prod\/turismo-gts02\/"]}]},{"@type":"ImageObject","inLanguage":"en-US","@id":"https:\/\/turismo-wheels.com\/en\/prod\/turismo-gts02\/#primaryimage","url":"https:\/\/turismo-wheels.com\/wp-content\/uploads\/2024\/07\/TURISMO-FLOWFORM-GTS02_01.png","contentUrl":"https:\/\/turismo-wheels.com\/wp-content\/uploads\/2024\/07\/TURISMO-FLOWFORM-GTS02_01.png","width":2560,"height":2560,"caption":"Turismo Flowform GTS02 Satin Black"},{"@type":"BreadcrumbList","@id":"https:\/\/turismo-wheels.com\/en\/prod\/turismo-gts02\/#breadcrumb","itemListElement":[{"@type":"ListItem","position":1,"name":"Home","item":"https:\/\/turismo-wheels.com\/en\/home\/"},{"@type":"ListItem","position":2,"name":"Shop","item":"https:\/\/turismo-wheels.com\/en\/shop\/"},{"@type":"ListItem","position":3,"name":"Turismo GTS02"}]},{"@type":"WebSite","@id":"https:\/\/turismo-wheels.com\/#website","url":"https:\/\/turismo-wheels.com\/","name":"Turismo Wheels","description":"Manufacturer of flowform wheels and custom forged aluminum wheels","publisher":{"@id":"https:\/\/turismo-wheels.com\/#organization"},"potentialAction":[{"@type":"SearchAction","target":{"@type":"EntryPoint","urlTemplate":"https:\/\/turismo-wheels.com\/?s={search_term_string}"},"query-input":{"@type":"PropertyValueSpecification","valueRequired":true,"valueName":"search_term_string"}}],"inLanguage":"en-US"},{"@type":"Organization","@id":"https:\/\/turismo-wheels.com\/#organization","name":"Turismo Wheels","alternateName":"Turismo","url":"https:\/\/turismo-wheels.com\/","logo":{"@type":"ImageObject","inLanguage":"en-US","@id":"https:\/\/turismo-wheels.com\/#\/schema\/logo\/image\/","url":"https:\/\/turismo-wheels.com\/wp-content\/uploads\/2024\/03\/turismo-logo-rgb-sygnet.png","contentUrl":"https:\/\/turismo-wheels.com\/wp-content\/uploads\/2024\/03\/turismo-logo-rgb-sygnet.png","width":512,"height":512,"caption":"Turismo Wheels"},"image":{"@id":"https:\/\/turismo-wheels.com\/#\/schema\/logo\/image\/"},"sameAs":["https:\/\/www.facebook.com\/turismowheels","https:\/\/www.instagram.com\/turismo_wheels\/","https:\/\/www.youtube.com\/@turismo_wheels"],"description":"Producent najwy\u017cszej jako\u015bci felg aluminiowych z kutego aluminium 6061 oraz magnezu do samochod\u00f3w klasy premium.","email":"bok@turismo-wheels.com","telephone":"+48 798 412 782","legalName":"Turismo sp. z o.o.","vatID":"PL8943152934","numberOfEmployees":{"@type":"QuantitativeValue","minValue":"1","maxValue":"10"},"hasMerchantReturnPolicy":{"@type":"MerchantReturnPolicy","merchantReturnLink":"https:\/\/turismo-wheels.com\/polityka-zwrotow\/"}}]},"product_brand":"Turismo","og_availability":"instock","product_availability":"instock","product_retailer_item_id":"FF_GTS02","product_condition":"new"},"_links":{"self":[{"href":"https:\/\/turismo-wheels.com\/en\/wp-json\/wp\/v2\/product\/7958","targetHints":{"allow":["GET"]}}],"collection":[{"href":"https:\/\/turismo-wheels.com\/en\/wp-json\/wp\/v2\/product"}],"about":[{"href":"https:\/\/turismo-wheels.com\/en\/wp-json\/wp\/v2\/types\/product"}],"wp:featuredmedia":[{"embeddable":true,"href":"https:\/\/turismo-wheels.com\/en\/wp-json\/wp\/v2\/media\/8033"}],"wp:attachment":[{"href":"https:\/\/turismo-wheels.com\/en\/wp-json\/wp\/v2\/media?parent=7958"}],"wp:term":[{"taxonomy":"product_brand","embeddable":true,"href":"https:\/\/turismo-wheels.com\/en\/wp-json\/wp\/v2\/product_brand?post=7958"},{"taxonomy":"product_cat","embeddable":true,"href":"https:\/\/turismo-wheels.com\/en\/wp-json\/wp\/v2\/product_cat?post=7958"},{"taxonomy":"product_tag","embeddable":true,"href":"https:\/\/turismo-wheels.com\/en\/wp-json\/wp\/v2\/product_tag?post=7958"}],"curies":[{"name":"wp","href":"https:\/\/api.w.org\/{rel}","templated":true}]}}