{"id":7612,"date":"2024-07-08T19:48:20","date_gmt":"2024-07-08T17:48:20","guid":{"rendered":"https:\/\/turismo-wheels.com\/prod\/t-shirt-diamonds\/"},"modified":"2024-07-11T14:33:18","modified_gmt":"2024-07-11T12:33:18","slug":"t-shirt-diamonds","status":"publish","type":"product","link":"https:\/\/turismo-wheels.com\/en\/prod\/t-shirt-diamonds\/","title":{"rendered":"T-shirt &#8220;Diamonds&#8221;"},"content":{"rendered":"<p>A T-shirt from the exclusive <strong>Turismo Diamonds<\/strong> collection is the highest quality clothing, designed in Poland. It is characterized by a slightly fitted cut and a classic round neckline. The material, consisting of 95% cotton and 5% elastane, guarantees exceptional wearing comfort.<\/p>\n<p><strong>Size chart:<\/strong><\/p>\n<ul>\n<li>Size S: armpit width 52.5cm, length 72cm<\/li>\n<li>Size M: armpit width 55cm, length 74cm<\/li>\n<li>Size L: armpit width 57.5, length 76cm<\/li>\n<li>Size XL: armpit width 60cm, length 78cm<\/li>\n<\/ul>\n<p style=\"text-align: center;\"><strong>Note: For a perfect fit, we recommend choosing a smaller size.<\/strong><\/p>\n<p style=\"text-align: center;\"><span style=\"text-decoration: underline;\">To maintain the highest quality and durability of the t-shirt, we recommend hand washing in cool water. Avoid strong detergents and tumble drying. Handling the material gently will allow you to enjoy its appearance and comfort for a long time.<\/span><\/p>\n","protected":false},"excerpt":{"rendered":"<p>A T-shirt from the exclusive <strong>Turismo Diamonds<\/strong> collection is the highest quality clothing, designed in Poland. It is characterized by a slightly fitted cut and a classic round neckline. The material, consisting of 95% cotton and 5% elastane, guarantees exceptional wearing comfort.<\/p>\n","protected":false},"featured_media":7572,"template":"","meta":{"_acf_changed":false},"product_brand":[],"product_cat":[535],"product_tag":[884,612,544],"class_list":{"0":"post-7612","1":"product","2":"type-product","3":"status-publish","4":"has-post-thumbnail","6":"product_cat-clothing","7":"product_tag-diamonds-en","8":"product_tag-odziez-en","9":"product_tag-t-shirt-en","10":"product_shipping_class-small-en","12":"first","13":"outofstock","14":"taxable","15":"shipping-taxable","16":"purchasable","17":"product-type-variable","18":"wvs-archive-product-wrapper"},"acf":[],"yoast_head":"<!-- This site is optimized with the Yoast SEO Premium plugin v26.2 (Yoast SEO v26.2) - https:\/\/yoast.com\/wordpress\/plugins\/seo\/ -->\n<title>T-shirt &quot;Diamonds&quot; &#8212; Turismo Wheels<\/title>\n<meta name=\"robots\" content=\"index, follow, max-snippet:-1, max-image-preview:large, max-video-preview:-1\" \/>\n<link rel=\"canonical\" href=\"https:\/\/turismo-wheels.com\/en\/prod\/t-shirt-diamonds\/\" \/>\n<meta property=\"og:locale\" content=\"en_US\" \/>\n<meta property=\"og:type\" content=\"article\" \/>\n<meta property=\"og:title\" content=\"T-shirt &quot;Diamonds&quot;\" \/>\n<meta property=\"og:description\" content=\"A T-shirt from the exclusive Turismo Diamonds collection is the highest quality clothing, designed in Poland. It is characterized by a slightly fitted cut and a classic round neckline. The material, consisting of 95% cotton and 5% elastane, guarantees exceptional wearing comfort.\" \/>\n<meta property=\"og:url\" content=\"https:\/\/turismo-wheels.com\/en\/prod\/t-shirt-diamonds\/\" \/>\n<meta property=\"og:site_name\" content=\"Turismo Wheels\" \/>\n<meta property=\"article:publisher\" content=\"https:\/\/www.facebook.com\/turismowheels\" \/>\n<meta property=\"article:modified_time\" content=\"2024-07-11T12:33:18+00:00\" \/>\n<meta property=\"og:image\" content=\"https:\/\/turismo-wheels.com\/wp-content\/uploads\/2024\/07\/TURISMO-TSHIRT-DIAMONDS_01_oneck.jpg\" \/>\n\t<meta property=\"og:image:width\" content=\"1707\" \/>\n\t<meta property=\"og:image:height\" content=\"2560\" \/>\n\t<meta property=\"og:image:type\" content=\"image\/jpeg\" \/>\n<meta name=\"twitter:card\" content=\"summary_large_image\" \/>\n<meta name=\"twitter:label1\" content=\"Availability\" \/>\n\t<meta name=\"twitter:data1\" content=\"Out of stock\" \/>\n<script type=\"application\/ld+json\" class=\"yoast-schema-graph\">{\"@context\":\"https:\/\/schema.org\",\"@graph\":[{\"@type\":\"WebPage\",\"@id\":\"https:\/\/turismo-wheels.com\/en\/prod\/t-shirt-diamonds\/\",\"url\":\"https:\/\/turismo-wheels.com\/en\/prod\/t-shirt-diamonds\/\",\"name\":\"T-shirt \\\"Diamonds\\\" &#8212; Turismo Wheels\",\"isPartOf\":{\"@id\":\"https:\/\/turismo-wheels.com\/#website\"},\"primaryImageOfPage\":{\"@id\":\"https:\/\/turismo-wheels.com\/en\/prod\/t-shirt-diamonds\/#primaryimage\"},\"image\":{\"@id\":\"https:\/\/turismo-wheels.com\/en\/prod\/t-shirt-diamonds\/#primaryimage\"},\"thumbnailUrl\":\"https:\/\/turismo-wheels.com\/wp-content\/uploads\/2024\/07\/TURISMO-TSHIRT-DIAMONDS_01_oneck.jpg\",\"datePublished\":\"2024-07-08T17:48:20+00:00\",\"dateModified\":\"2024-07-11T12:33:18+00:00\",\"breadcrumb\":{\"@id\":\"https:\/\/turismo-wheels.com\/en\/prod\/t-shirt-diamonds\/#breadcrumb\"},\"inLanguage\":\"en-US\",\"potentialAction\":[{\"@type\":\"ReadAction\",\"target\":[\"https:\/\/turismo-wheels.com\/en\/prod\/t-shirt-diamonds\/\"]}]},{\"@type\":\"ImageObject\",\"inLanguage\":\"en-US\",\"@id\":\"https:\/\/turismo-wheels.com\/en\/prod\/t-shirt-diamonds\/#primaryimage\",\"url\":\"https:\/\/turismo-wheels.com\/wp-content\/uploads\/2024\/07\/TURISMO-TSHIRT-DIAMONDS_01_oneck.jpg\",\"contentUrl\":\"https:\/\/turismo-wheels.com\/wp-content\/uploads\/2024\/07\/TURISMO-TSHIRT-DIAMONDS_01_oneck.jpg\",\"width\":1707,\"height\":2560,\"caption\":\"T-shirt Turismo Diamonds\"},{\"@type\":\"BreadcrumbList\",\"@id\":\"https:\/\/turismo-wheels.com\/en\/prod\/t-shirt-diamonds\/#breadcrumb\",\"itemListElement\":[{\"@type\":\"ListItem\",\"position\":1,\"name\":\"Home\",\"item\":\"https:\/\/turismo-wheels.com\/en\/home\/\"},{\"@type\":\"ListItem\",\"position\":2,\"name\":\"Shop\",\"item\":\"https:\/\/turismo-wheels.com\/en\/shop\/\"},{\"@type\":\"ListItem\",\"position\":3,\"name\":\"T-shirt &#8220;Diamonds&#8221;\"}]},{\"@type\":\"WebSite\",\"@id\":\"https:\/\/turismo-wheels.com\/#website\",\"url\":\"https:\/\/turismo-wheels.com\/\",\"name\":\"Turismo Wheels\",\"description\":\"Manufacturer of flowform wheels and custom forged aluminum wheels\",\"publisher\":{\"@id\":\"https:\/\/turismo-wheels.com\/#organization\"},\"potentialAction\":[{\"@type\":\"SearchAction\",\"target\":{\"@type\":\"EntryPoint\",\"urlTemplate\":\"https:\/\/turismo-wheels.com\/?s={search_term_string}\"},\"query-input\":{\"@type\":\"PropertyValueSpecification\",\"valueRequired\":true,\"valueName\":\"search_term_string\"}}],\"inLanguage\":\"en-US\"},{\"@type\":\"Organization\",\"@id\":\"https:\/\/turismo-wheels.com\/#organization\",\"name\":\"Turismo Wheels\",\"alternateName\":\"Turismo\",\"url\":\"https:\/\/turismo-wheels.com\/\",\"logo\":{\"@type\":\"ImageObject\",\"inLanguage\":\"en-US\",\"@id\":\"https:\/\/turismo-wheels.com\/#\/schema\/logo\/image\/\",\"url\":\"https:\/\/turismo-wheels.com\/wp-content\/uploads\/2024\/03\/turismo-logo-rgb-sygnet.png\",\"contentUrl\":\"https:\/\/turismo-wheels.com\/wp-content\/uploads\/2024\/03\/turismo-logo-rgb-sygnet.png\",\"width\":512,\"height\":512,\"caption\":\"Turismo Wheels\"},\"image\":{\"@id\":\"https:\/\/turismo-wheels.com\/#\/schema\/logo\/image\/\"},\"sameAs\":[\"https:\/\/www.facebook.com\/turismowheels\",\"https:\/\/www.instagram.com\/turismo_wheels\/\",\"https:\/\/www.youtube.com\/@turismo_wheels\"],\"description\":\"Producent najwy\u017cszej jako\u015bci felg aluminiowych z kutego aluminium 6061 oraz magnezu do samochod\u00f3w klasy premium.\",\"email\":\"bok@turismo-wheels.com\",\"telephone\":\"+48 798 412 782\",\"legalName\":\"Turismo sp. z o.o.\",\"vatID\":\"PL8943152934\",\"numberOfEmployees\":{\"@type\":\"QuantitativeValue\",\"minValue\":\"1\",\"maxValue\":\"10\"},\"hasMerchantReturnPolicy\":{\"@type\":\"MerchantReturnPolicy\",\"merchantReturnLink\":\"https:\/\/turismo-wheels.com\/polityka-zwrotow\/\"}}]}<\/script>\n<meta property=\"product:brand\" content=\"Turismo\" \/>\n<meta property=\"og:availability\" content=\"out of stock\" \/>\n<meta property=\"product:availability\" content=\"out of stock\" \/>\n<meta property=\"product:retailer_item_id\" content=\"M_TDMND\" \/>\n<meta property=\"product:condition\" content=\"new\" \/>\n<!-- \/ Yoast SEO Premium plugin. -->","yoast_head_json":{"title":"T-shirt \"Diamonds\" &#8212; Turismo Wheels","robots":{"index":"index","follow":"follow","max-snippet":"max-snippet:-1","max-image-preview":"max-image-preview:large","max-video-preview":"max-video-preview:-1"},"canonical":"https:\/\/turismo-wheels.com\/en\/prod\/t-shirt-diamonds\/","og_locale":"en_US","og_type":"article","og_title":"T-shirt \"Diamonds\"","og_description":"A T-shirt from the exclusive Turismo Diamonds collection is the highest quality clothing, designed in Poland. It is characterized by a slightly fitted cut and a classic round neckline. The material, consisting of 95% cotton and 5% elastane, guarantees exceptional wearing comfort.","og_url":"https:\/\/turismo-wheels.com\/en\/prod\/t-shirt-diamonds\/","og_site_name":"Turismo Wheels","article_publisher":"https:\/\/www.facebook.com\/turismowheels","article_modified_time":"2024-07-11T12:33:18+00:00","og_image":[{"width":1707,"height":2560,"url":"https:\/\/turismo-wheels.com\/wp-content\/uploads\/2024\/07\/TURISMO-TSHIRT-DIAMONDS_01_oneck.jpg","type":"image\/jpeg"}],"twitter_card":"summary_large_image","twitter_misc":{"Availability":"Out of stock"},"schema":{"@context":"https:\/\/schema.org","@graph":[{"@type":"WebPage","@id":"https:\/\/turismo-wheels.com\/en\/prod\/t-shirt-diamonds\/","url":"https:\/\/turismo-wheels.com\/en\/prod\/t-shirt-diamonds\/","name":"T-shirt \"Diamonds\" &#8212; Turismo Wheels","isPartOf":{"@id":"https:\/\/turismo-wheels.com\/#website"},"primaryImageOfPage":{"@id":"https:\/\/turismo-wheels.com\/en\/prod\/t-shirt-diamonds\/#primaryimage"},"image":{"@id":"https:\/\/turismo-wheels.com\/en\/prod\/t-shirt-diamonds\/#primaryimage"},"thumbnailUrl":"https:\/\/turismo-wheels.com\/wp-content\/uploads\/2024\/07\/TURISMO-TSHIRT-DIAMONDS_01_oneck.jpg","datePublished":"2024-07-08T17:48:20+00:00","dateModified":"2024-07-11T12:33:18+00:00","breadcrumb":{"@id":"https:\/\/turismo-wheels.com\/en\/prod\/t-shirt-diamonds\/#breadcrumb"},"inLanguage":"en-US","potentialAction":[{"@type":"ReadAction","target":["https:\/\/turismo-wheels.com\/en\/prod\/t-shirt-diamonds\/"]}]},{"@type":"ImageObject","inLanguage":"en-US","@id":"https:\/\/turismo-wheels.com\/en\/prod\/t-shirt-diamonds\/#primaryimage","url":"https:\/\/turismo-wheels.com\/wp-content\/uploads\/2024\/07\/TURISMO-TSHIRT-DIAMONDS_01_oneck.jpg","contentUrl":"https:\/\/turismo-wheels.com\/wp-content\/uploads\/2024\/07\/TURISMO-TSHIRT-DIAMONDS_01_oneck.jpg","width":1707,"height":2560,"caption":"T-shirt Turismo Diamonds"},{"@type":"BreadcrumbList","@id":"https:\/\/turismo-wheels.com\/en\/prod\/t-shirt-diamonds\/#breadcrumb","itemListElement":[{"@type":"ListItem","position":1,"name":"Home","item":"https:\/\/turismo-wheels.com\/en\/home\/"},{"@type":"ListItem","position":2,"name":"Shop","item":"https:\/\/turismo-wheels.com\/en\/shop\/"},{"@type":"ListItem","position":3,"name":"T-shirt &#8220;Diamonds&#8221;"}]},{"@type":"WebSite","@id":"https:\/\/turismo-wheels.com\/#website","url":"https:\/\/turismo-wheels.com\/","name":"Turismo Wheels","description":"Manufacturer of flowform wheels and custom forged aluminum wheels","publisher":{"@id":"https:\/\/turismo-wheels.com\/#organization"},"potentialAction":[{"@type":"SearchAction","target":{"@type":"EntryPoint","urlTemplate":"https:\/\/turismo-wheels.com\/?s={search_term_string}"},"query-input":{"@type":"PropertyValueSpecification","valueRequired":true,"valueName":"search_term_string"}}],"inLanguage":"en-US"},{"@type":"Organization","@id":"https:\/\/turismo-wheels.com\/#organization","name":"Turismo Wheels","alternateName":"Turismo","url":"https:\/\/turismo-wheels.com\/","logo":{"@type":"ImageObject","inLanguage":"en-US","@id":"https:\/\/turismo-wheels.com\/#\/schema\/logo\/image\/","url":"https:\/\/turismo-wheels.com\/wp-content\/uploads\/2024\/03\/turismo-logo-rgb-sygnet.png","contentUrl":"https:\/\/turismo-wheels.com\/wp-content\/uploads\/2024\/03\/turismo-logo-rgb-sygnet.png","width":512,"height":512,"caption":"Turismo Wheels"},"image":{"@id":"https:\/\/turismo-wheels.com\/#\/schema\/logo\/image\/"},"sameAs":["https:\/\/www.facebook.com\/turismowheels","https:\/\/www.instagram.com\/turismo_wheels\/","https:\/\/www.youtube.com\/@turismo_wheels"],"description":"Producent najwy\u017cszej jako\u015bci felg aluminiowych z kutego aluminium 6061 oraz magnezu do samochod\u00f3w klasy premium.","email":"bok@turismo-wheels.com","telephone":"+48 798 412 782","legalName":"Turismo sp. z o.o.","vatID":"PL8943152934","numberOfEmployees":{"@type":"QuantitativeValue","minValue":"1","maxValue":"10"},"hasMerchantReturnPolicy":{"@type":"MerchantReturnPolicy","merchantReturnLink":"https:\/\/turismo-wheels.com\/polityka-zwrotow\/"}}]},"product_brand":"Turismo","og_availability":"out of stock","product_availability":"out of stock","product_retailer_item_id":"M_TDMND","product_condition":"new"},"_links":{"self":[{"href":"https:\/\/turismo-wheels.com\/en\/wp-json\/wp\/v2\/product\/7612","targetHints":{"allow":["GET"]}}],"collection":[{"href":"https:\/\/turismo-wheels.com\/en\/wp-json\/wp\/v2\/product"}],"about":[{"href":"https:\/\/turismo-wheels.com\/en\/wp-json\/wp\/v2\/types\/product"}],"wp:featuredmedia":[{"embeddable":true,"href":"https:\/\/turismo-wheels.com\/en\/wp-json\/wp\/v2\/media\/7572"}],"wp:attachment":[{"href":"https:\/\/turismo-wheels.com\/en\/wp-json\/wp\/v2\/media?parent=7612"}],"wp:term":[{"taxonomy":"product_brand","embeddable":true,"href":"https:\/\/turismo-wheels.com\/en\/wp-json\/wp\/v2\/product_brand?post=7612"},{"taxonomy":"product_cat","embeddable":true,"href":"https:\/\/turismo-wheels.com\/en\/wp-json\/wp\/v2\/product_cat?post=7612"},{"taxonomy":"product_tag","embeddable":true,"href":"https:\/\/turismo-wheels.com\/en\/wp-json\/wp\/v2\/product_tag?post=7612"}],"curies":[{"name":"wp","href":"https:\/\/api.w.org\/{rel}","templated":true}]}}