{"id":7202,"date":"2024-03-13T20:31:21","date_gmt":"2024-03-13T19:31:21","guid":{"rendered":"https:\/\/turismo-wheels.com\/prod\/hoodie-basic-black\/"},"modified":"2024-03-13T20:31:21","modified_gmt":"2024-03-13T19:31:21","slug":"hoodie-basic-black","status":"publish","type":"product","link":"https:\/\/turismo-wheels.com\/en\/prod\/hoodie-basic-black\/","title":{"rendered":"Hoodie &#8220;Basic&#8221; black"},"content":{"rendered":"<p>The hoodie from the BASIC collection is an ideal proposition for people who value comfort and simplicity. Made of high-quality materials, the hoodie ensures wearing comfort and durability for years. Available in a classic black color, it fits many styles and is an irreplaceable element in the wardrobe of every streetwear fan.<\/p>\n<p><strong>Size chart:<\/strong><\/p>\n<ul>\n<li>S: width 57cm, length 63cm, sleeve 75cm<\/li>\n<li>M: width 60cm, length 65cm, sleeve 76cm<\/li>\n<li>L: width 63cm, length 67cm, sleeve 77cm<\/li>\n<li>XL: width 66cm, length 69cm, sleeve 78cm<\/li>\n<\/ul>\n<p style=\"text-align: center;\"><span style=\"text-decoration: underline;\"><strong>The sweatshirt was designed and sewn in Poland, which guarantees high quality workmanship and attention to detail. <\/strong><\/span><\/p>\n","protected":false},"excerpt":{"rendered":"<p>The hoodie from the BASIC collection is an ideal proposition for people who value comfort and simplicity. Made of high-quality materials, the hoodie ensures wearing comfort and durability for years. Available in a classic black color, it fits many styles and is an irreplaceable element in the wardrobe of every streetwear fan.<\/p>\n","protected":false},"featured_media":5957,"template":"","meta":{"_acf_changed":false},"product_brand":[],"product_cat":[535],"product_tag":[635,639,612],"class_list":{"0":"post-7202","1":"product","2":"type-product","3":"status-publish","4":"has-post-thumbnail","6":"product_cat-clothing","7":"product_tag-hoodie-en","8":"product_tag-hoodie-en-2","9":"product_tag-odziez-en","10":"product_shipping_class-small-en","12":"first","13":"outofstock","14":"sale","15":"taxable","16":"shipping-taxable","17":"purchasable","18":"product-type-variable","19":"wvs-archive-product-wrapper"},"acf":[],"yoast_head":"<!-- This site is optimized with the Yoast SEO Premium plugin v26.2 (Yoast SEO v26.2) - https:\/\/yoast.com\/wordpress\/plugins\/seo\/ -->\n<title>Hoodie &quot;Basic&quot; black &#8212; Turismo Wheels<\/title>\n<meta name=\"robots\" content=\"index, follow, max-snippet:-1, max-image-preview:large, max-video-preview:-1\" \/>\n<link rel=\"canonical\" href=\"https:\/\/turismo-wheels.com\/en\/prod\/hoodie-basic-black\/\" \/>\n<meta property=\"og:locale\" content=\"en_US\" \/>\n<meta property=\"og:type\" content=\"article\" \/>\n<meta property=\"og:title\" content=\"Hoodie &quot;Basic&quot; black\" \/>\n<meta property=\"og:description\" content=\"The hoodie from the BASIC collection is an ideal proposition for people who value comfort and simplicity. Made of high-quality materials, the hoodie ensures wearing comfort and durability for years. Available in a classic black color, it fits many styles and is an irreplaceable element in the wardrobe of every streetwear fan.\" \/>\n<meta property=\"og:url\" content=\"https:\/\/turismo-wheels.com\/en\/prod\/hoodie-basic-black\/\" \/>\n<meta property=\"og:site_name\" content=\"Turismo Wheels\" \/>\n<meta property=\"article:publisher\" content=\"https:\/\/www.facebook.com\/turismowheels\" \/>\n<meta property=\"og:image\" content=\"https:\/\/turismo-wheels.com\/wp-content\/uploads\/2024\/03\/TURISMO-HOODIE-BASIC_01.jpg\" \/>\n\t<meta property=\"og:image:width\" content=\"1707\" \/>\n\t<meta property=\"og:image:height\" content=\"2560\" \/>\n\t<meta property=\"og:image:type\" content=\"image\/jpeg\" \/>\n<meta name=\"twitter:card\" content=\"summary_large_image\" \/>\n<meta name=\"twitter:label1\" content=\"Availability\" \/>\n\t<meta name=\"twitter:data1\" content=\"Out of stock\" \/>\n<script type=\"application\/ld+json\" class=\"yoast-schema-graph\">{\"@context\":\"https:\/\/schema.org\",\"@graph\":[{\"@type\":\"WebPage\",\"@id\":\"https:\/\/turismo-wheels.com\/en\/prod\/hoodie-basic-black\/\",\"url\":\"https:\/\/turismo-wheels.com\/en\/prod\/hoodie-basic-black\/\",\"name\":\"Hoodie \\\"Basic\\\" black &#8212; Turismo Wheels\",\"isPartOf\":{\"@id\":\"https:\/\/turismo-wheels.com\/#website\"},\"primaryImageOfPage\":{\"@id\":\"https:\/\/turismo-wheels.com\/en\/prod\/hoodie-basic-black\/#primaryimage\"},\"image\":{\"@id\":\"https:\/\/turismo-wheels.com\/en\/prod\/hoodie-basic-black\/#primaryimage\"},\"thumbnailUrl\":\"https:\/\/turismo-wheels.com\/wp-content\/uploads\/2024\/03\/TURISMO-HOODIE-BASIC_01.jpg\",\"datePublished\":\"2024-03-13T19:31:21+00:00\",\"breadcrumb\":{\"@id\":\"https:\/\/turismo-wheels.com\/en\/prod\/hoodie-basic-black\/#breadcrumb\"},\"inLanguage\":\"en-US\",\"potentialAction\":[{\"@type\":\"ReadAction\",\"target\":[\"https:\/\/turismo-wheels.com\/en\/prod\/hoodie-basic-black\/\"]}]},{\"@type\":\"ImageObject\",\"inLanguage\":\"en-US\",\"@id\":\"https:\/\/turismo-wheels.com\/en\/prod\/hoodie-basic-black\/#primaryimage\",\"url\":\"https:\/\/turismo-wheels.com\/wp-content\/uploads\/2024\/03\/TURISMO-HOODIE-BASIC_01.jpg\",\"contentUrl\":\"https:\/\/turismo-wheels.com\/wp-content\/uploads\/2024\/03\/TURISMO-HOODIE-BASIC_01.jpg\",\"width\":1707,\"height\":2560,\"caption\":\"\\\"Hoodie\\\" Turismo Basic - Black\"},{\"@type\":\"BreadcrumbList\",\"@id\":\"https:\/\/turismo-wheels.com\/en\/prod\/hoodie-basic-black\/#breadcrumb\",\"itemListElement\":[{\"@type\":\"ListItem\",\"position\":1,\"name\":\"Home\",\"item\":\"https:\/\/turismo-wheels.com\/en\/home\/\"},{\"@type\":\"ListItem\",\"position\":2,\"name\":\"Shop\",\"item\":\"https:\/\/turismo-wheels.com\/en\/shop\/\"},{\"@type\":\"ListItem\",\"position\":3,\"name\":\"Hoodie &#8220;Basic&#8221; black\"}]},{\"@type\":\"WebSite\",\"@id\":\"https:\/\/turismo-wheels.com\/#website\",\"url\":\"https:\/\/turismo-wheels.com\/\",\"name\":\"Turismo Wheels\",\"description\":\"Manufacturer of flowform wheels and custom forged aluminum wheels\",\"publisher\":{\"@id\":\"https:\/\/turismo-wheels.com\/#organization\"},\"potentialAction\":[{\"@type\":\"SearchAction\",\"target\":{\"@type\":\"EntryPoint\",\"urlTemplate\":\"https:\/\/turismo-wheels.com\/?s={search_term_string}\"},\"query-input\":{\"@type\":\"PropertyValueSpecification\",\"valueRequired\":true,\"valueName\":\"search_term_string\"}}],\"inLanguage\":\"en-US\"},{\"@type\":\"Organization\",\"@id\":\"https:\/\/turismo-wheels.com\/#organization\",\"name\":\"Turismo Wheels\",\"alternateName\":\"Turismo\",\"url\":\"https:\/\/turismo-wheels.com\/\",\"logo\":{\"@type\":\"ImageObject\",\"inLanguage\":\"en-US\",\"@id\":\"https:\/\/turismo-wheels.com\/#\/schema\/logo\/image\/\",\"url\":\"https:\/\/turismo-wheels.com\/wp-content\/uploads\/2024\/03\/turismo-logo-rgb-sygnet.png\",\"contentUrl\":\"https:\/\/turismo-wheels.com\/wp-content\/uploads\/2024\/03\/turismo-logo-rgb-sygnet.png\",\"width\":512,\"height\":512,\"caption\":\"Turismo Wheels\"},\"image\":{\"@id\":\"https:\/\/turismo-wheels.com\/#\/schema\/logo\/image\/\"},\"sameAs\":[\"https:\/\/www.facebook.com\/turismowheels\",\"https:\/\/www.instagram.com\/turismo_wheels\/\",\"https:\/\/www.youtube.com\/@turismo_wheels\"],\"description\":\"Producent najwy\u017cszej jako\u015bci felg aluminiowych z kutego aluminium 6061 oraz magnezu do samochod\u00f3w klasy premium.\",\"email\":\"bok@turismo-wheels.com\",\"telephone\":\"+48 798 412 782\",\"legalName\":\"Turismo sp. z o.o.\",\"vatID\":\"PL8943152934\",\"numberOfEmployees\":{\"@type\":\"QuantitativeValue\",\"minValue\":\"1\",\"maxValue\":\"10\"},\"hasMerchantReturnPolicy\":{\"@type\":\"MerchantReturnPolicy\",\"merchantReturnLink\":\"https:\/\/turismo-wheels.com\/polityka-zwrotow\/\"}}]}<\/script>\n<meta property=\"product:brand\" content=\"Turismo\" \/>\n<meta property=\"og:availability\" content=\"out of stock\" \/>\n<meta property=\"product:availability\" content=\"out of stock\" \/>\n<meta property=\"product:retailer_item_id\" content=\"M_HBASIC_BK\" \/>\n<meta property=\"product:condition\" content=\"new\" \/>\n<!-- \/ Yoast SEO Premium plugin. -->","yoast_head_json":{"title":"Hoodie \"Basic\" black &#8212; Turismo Wheels","robots":{"index":"index","follow":"follow","max-snippet":"max-snippet:-1","max-image-preview":"max-image-preview:large","max-video-preview":"max-video-preview:-1"},"canonical":"https:\/\/turismo-wheels.com\/en\/prod\/hoodie-basic-black\/","og_locale":"en_US","og_type":"article","og_title":"Hoodie \"Basic\" black","og_description":"The hoodie from the BASIC collection is an ideal proposition for people who value comfort and simplicity. Made of high-quality materials, the hoodie ensures wearing comfort and durability for years. Available in a classic black color, it fits many styles and is an irreplaceable element in the wardrobe of every streetwear fan.","og_url":"https:\/\/turismo-wheels.com\/en\/prod\/hoodie-basic-black\/","og_site_name":"Turismo Wheels","article_publisher":"https:\/\/www.facebook.com\/turismowheels","og_image":[{"width":1707,"height":2560,"url":"https:\/\/turismo-wheels.com\/wp-content\/uploads\/2024\/03\/TURISMO-HOODIE-BASIC_01.jpg","type":"image\/jpeg"}],"twitter_card":"summary_large_image","twitter_misc":{"Availability":"Out of stock"},"schema":{"@context":"https:\/\/schema.org","@graph":[{"@type":"WebPage","@id":"https:\/\/turismo-wheels.com\/en\/prod\/hoodie-basic-black\/","url":"https:\/\/turismo-wheels.com\/en\/prod\/hoodie-basic-black\/","name":"Hoodie \"Basic\" black &#8212; Turismo Wheels","isPartOf":{"@id":"https:\/\/turismo-wheels.com\/#website"},"primaryImageOfPage":{"@id":"https:\/\/turismo-wheels.com\/en\/prod\/hoodie-basic-black\/#primaryimage"},"image":{"@id":"https:\/\/turismo-wheels.com\/en\/prod\/hoodie-basic-black\/#primaryimage"},"thumbnailUrl":"https:\/\/turismo-wheels.com\/wp-content\/uploads\/2024\/03\/TURISMO-HOODIE-BASIC_01.jpg","datePublished":"2024-03-13T19:31:21+00:00","breadcrumb":{"@id":"https:\/\/turismo-wheels.com\/en\/prod\/hoodie-basic-black\/#breadcrumb"},"inLanguage":"en-US","potentialAction":[{"@type":"ReadAction","target":["https:\/\/turismo-wheels.com\/en\/prod\/hoodie-basic-black\/"]}]},{"@type":"ImageObject","inLanguage":"en-US","@id":"https:\/\/turismo-wheels.com\/en\/prod\/hoodie-basic-black\/#primaryimage","url":"https:\/\/turismo-wheels.com\/wp-content\/uploads\/2024\/03\/TURISMO-HOODIE-BASIC_01.jpg","contentUrl":"https:\/\/turismo-wheels.com\/wp-content\/uploads\/2024\/03\/TURISMO-HOODIE-BASIC_01.jpg","width":1707,"height":2560,"caption":"\"Hoodie\" Turismo Basic - Black"},{"@type":"BreadcrumbList","@id":"https:\/\/turismo-wheels.com\/en\/prod\/hoodie-basic-black\/#breadcrumb","itemListElement":[{"@type":"ListItem","position":1,"name":"Home","item":"https:\/\/turismo-wheels.com\/en\/home\/"},{"@type":"ListItem","position":2,"name":"Shop","item":"https:\/\/turismo-wheels.com\/en\/shop\/"},{"@type":"ListItem","position":3,"name":"Hoodie &#8220;Basic&#8221; black"}]},{"@type":"WebSite","@id":"https:\/\/turismo-wheels.com\/#website","url":"https:\/\/turismo-wheels.com\/","name":"Turismo Wheels","description":"Manufacturer of flowform wheels and custom forged aluminum wheels","publisher":{"@id":"https:\/\/turismo-wheels.com\/#organization"},"potentialAction":[{"@type":"SearchAction","target":{"@type":"EntryPoint","urlTemplate":"https:\/\/turismo-wheels.com\/?s={search_term_string}"},"query-input":{"@type":"PropertyValueSpecification","valueRequired":true,"valueName":"search_term_string"}}],"inLanguage":"en-US"},{"@type":"Organization","@id":"https:\/\/turismo-wheels.com\/#organization","name":"Turismo Wheels","alternateName":"Turismo","url":"https:\/\/turismo-wheels.com\/","logo":{"@type":"ImageObject","inLanguage":"en-US","@id":"https:\/\/turismo-wheels.com\/#\/schema\/logo\/image\/","url":"https:\/\/turismo-wheels.com\/wp-content\/uploads\/2024\/03\/turismo-logo-rgb-sygnet.png","contentUrl":"https:\/\/turismo-wheels.com\/wp-content\/uploads\/2024\/03\/turismo-logo-rgb-sygnet.png","width":512,"height":512,"caption":"Turismo Wheels"},"image":{"@id":"https:\/\/turismo-wheels.com\/#\/schema\/logo\/image\/"},"sameAs":["https:\/\/www.facebook.com\/turismowheels","https:\/\/www.instagram.com\/turismo_wheels\/","https:\/\/www.youtube.com\/@turismo_wheels"],"description":"Producent najwy\u017cszej jako\u015bci felg aluminiowych z kutego aluminium 6061 oraz magnezu do samochod\u00f3w klasy premium.","email":"bok@turismo-wheels.com","telephone":"+48 798 412 782","legalName":"Turismo sp. z o.o.","vatID":"PL8943152934","numberOfEmployees":{"@type":"QuantitativeValue","minValue":"1","maxValue":"10"},"hasMerchantReturnPolicy":{"@type":"MerchantReturnPolicy","merchantReturnLink":"https:\/\/turismo-wheels.com\/polityka-zwrotow\/"}}]},"product_brand":"Turismo","og_availability":"out of stock","product_availability":"out of stock","product_retailer_item_id":"M_HBASIC_BK","product_condition":"new"},"_links":{"self":[{"href":"https:\/\/turismo-wheels.com\/en\/wp-json\/wp\/v2\/product\/7202","targetHints":{"allow":["GET"]}}],"collection":[{"href":"https:\/\/turismo-wheels.com\/en\/wp-json\/wp\/v2\/product"}],"about":[{"href":"https:\/\/turismo-wheels.com\/en\/wp-json\/wp\/v2\/types\/product"}],"wp:featuredmedia":[{"embeddable":true,"href":"https:\/\/turismo-wheels.com\/en\/wp-json\/wp\/v2\/media\/5957"}],"wp:attachment":[{"href":"https:\/\/turismo-wheels.com\/en\/wp-json\/wp\/v2\/media?parent=7202"}],"wp:term":[{"taxonomy":"product_brand","embeddable":true,"href":"https:\/\/turismo-wheels.com\/en\/wp-json\/wp\/v2\/product_brand?post=7202"},{"taxonomy":"product_cat","embeddable":true,"href":"https:\/\/turismo-wheels.com\/en\/wp-json\/wp\/v2\/product_cat?post=7202"},{"taxonomy":"product_tag","embeddable":true,"href":"https:\/\/turismo-wheels.com\/en\/wp-json\/wp\/v2\/product_tag?post=7202"}],"curies":[{"name":"wp","href":"https:\/\/api.w.org\/{rel}","templated":true}]}}