{"id":6919,"date":"2024-02-23T13:30:31","date_gmt":"2024-02-23T12:30:31","guid":{"rendered":"https:\/\/turismo-wheels.com\/prod\/turismo-forged-sf-r\/"},"modified":"2024-02-23T13:30:31","modified_gmt":"2024-02-23T12:30:31","slug":"turismo-forged-sf-r","status":"publish","type":"product","link":"https:\/\/turismo-wheels.com\/en\/prod\/turismo-forged-sf-r\/","title":{"rendered":"Turismo Forged SF-R"},"content":{"rendered":"<p><strong>Turismo Forged SF-R<\/strong> is a forged wheel whose design is based on a proven 5-spoke structure. Thanks to the use of CNC technology, the wheel is characterized by a modern, dynamic design with a lot of sharp edges, millings and chamfers. Thin arms ending with an eye-catching aero-ring emphasize the sporty character of the wheel.<\/p>\n<p>This model is manufactured from durable forged 6061 aluminum and available in a wide range of sizes &#8211; from 15 to 24 inches. Parameters such as diameter, width and offset (ET) are individually selected for the customer&#8217;s car to ensure a perfect fit to the car. The customer can also personalize the type of finish and color of the wheels.<\/p>\n","protected":false},"excerpt":{"rendered":"<p><strong>Turismo Forged SF-R<\/strong> is a forged wheel whose design is based on a proven 5-spoke structure. Thanks to the use of CNC technology, the wheel is characterized by a modern, dynamic design with a lot of sharp edges, millings and chamfers. Thin arms ending with an eye-catching aero-ring emphasize the sporty character of the wheel.<\/p>\n","protected":false},"featured_media":5631,"template":"","meta":{"_acf_changed":false},"product_brand":[],"product_cat":[532],"product_tag":[541,622,540],"class_list":{"0":"post-6919","1":"product","2":"type-product","3":"status-publish","4":"has-post-thumbnail","6":"product_cat-forged-wheels","7":"product_tag-forged-en","8":"product_tag-sf-r-en","9":"product_tag-turismo-en","11":"first","12":"onbackorder","13":"taxable","14":"shipping-taxable","15":"purchasable","16":"product-type-variable","17":"wvs-archive-product-wrapper"},"acf":[],"yoast_head":"<!-- This site is optimized with the Yoast SEO Premium plugin v26.2 (Yoast SEO v26.2) - https:\/\/yoast.com\/wordpress\/plugins\/seo\/ -->\n<title>Turismo Forged SF-R &#8212; Turismo Wheels<\/title>\n<meta name=\"robots\" content=\"index, follow, max-snippet:-1, max-image-preview:large, max-video-preview:-1\" \/>\n<link rel=\"canonical\" href=\"https:\/\/turismo-wheels.com\/prod\/turismo-forged-sf-r\/\" \/>\n<meta property=\"og:locale\" content=\"en_US\" \/>\n<meta property=\"og:type\" content=\"article\" \/>\n<meta property=\"og:title\" content=\"Turismo Forged SF-R\" \/>\n<meta property=\"og:description\" content=\"Turismo Forged SF-R is a forged wheel whose design is based on a proven 5-spoke structure. Thanks to the use of CNC technology, the wheel is characterized by a modern, dynamic design with a lot of sharp edges, millings and chamfers. Thin arms ending with an eye-catching aero-ring emphasize the sporty character of the wheel.\" \/>\n<meta property=\"og:url\" content=\"https:\/\/turismo-wheels.com\/prod\/turismo-forged-sf-r\/\" \/>\n<meta property=\"og:site_name\" content=\"Turismo Wheels\" \/>\n<meta property=\"article:publisher\" content=\"https:\/\/www.facebook.com\/turismowheels\" \/>\n<meta name=\"twitter:card\" content=\"summary_large_image\" \/>\n<meta name=\"twitter:label1\" content=\"Availability\" \/>\n\t<meta name=\"twitter:data1\" content=\"On backorder\" \/>\n<script type=\"application\/ld+json\" class=\"yoast-schema-graph\">{\"@context\":\"https:\/\/schema.org\",\"@graph\":[{\"@type\":\"WebPage\",\"@id\":\"https:\/\/turismo-wheels.com\/prod\/turismo-forged-sf-r\/\",\"url\":\"https:\/\/turismo-wheels.com\/prod\/turismo-forged-sf-r\/\",\"name\":\"Turismo Forged SF-R &#8212; Turismo Wheels\",\"isPartOf\":{\"@id\":\"https:\/\/turismo-wheels.com\/#website\"},\"primaryImageOfPage\":{\"@id\":\"https:\/\/turismo-wheels.com\/prod\/turismo-forged-sf-r\/#primaryimage\"},\"image\":{\"@id\":\"https:\/\/turismo-wheels.com\/prod\/turismo-forged-sf-r\/#primaryimage\"},\"thumbnailUrl\":\"https:\/\/turismo-wheels.com\/wp-content\/uploads\/2024\/02\/TURISMO_FORGED_SF-R_TR48_BRUSHED-BRONZE_ANGLE_.png\",\"datePublished\":\"2024-02-23T12:30:31+00:00\",\"breadcrumb\":{\"@id\":\"https:\/\/turismo-wheels.com\/prod\/turismo-forged-sf-r\/#breadcrumb\"},\"inLanguage\":\"en-US\",\"potentialAction\":[{\"@type\":\"ReadAction\",\"target\":[\"https:\/\/turismo-wheels.com\/prod\/turismo-forged-sf-r\/\"]}]},{\"@type\":\"ImageObject\",\"inLanguage\":\"en-US\",\"@id\":\"https:\/\/turismo-wheels.com\/prod\/turismo-forged-sf-r\/#primaryimage\",\"url\":\"https:\/\/turismo-wheels.com\/wp-content\/uploads\/2024\/02\/TURISMO_FORGED_SF-R_TR48_BRUSHED-BRONZE_ANGLE_.png\",\"contentUrl\":\"https:\/\/turismo-wheels.com\/wp-content\/uploads\/2024\/02\/TURISMO_FORGED_SF-R_TR48_BRUSHED-BRONZE_ANGLE_.png\",\"width\":2560,\"height\":2560,\"caption\":\"Turismo Forged Wheels - SF-R Brushed Bronze\"},{\"@type\":\"BreadcrumbList\",\"@id\":\"https:\/\/turismo-wheels.com\/prod\/turismo-forged-sf-r\/#breadcrumb\",\"itemListElement\":[{\"@type\":\"ListItem\",\"position\":1,\"name\":\"Home\",\"item\":\"https:\/\/turismo-wheels.com\/en\/home\/\"},{\"@type\":\"ListItem\",\"position\":2,\"name\":\"Shop\",\"item\":\"https:\/\/turismo-wheels.com\/en\/shop\/\"},{\"@type\":\"ListItem\",\"position\":3,\"name\":\"Turismo Forged SF-R\"}]},{\"@type\":\"WebSite\",\"@id\":\"https:\/\/turismo-wheels.com\/#website\",\"url\":\"https:\/\/turismo-wheels.com\/\",\"name\":\"Turismo Wheels\",\"description\":\"Manufacturer of flowform wheels and custom forged aluminum wheels\",\"publisher\":{\"@id\":\"https:\/\/turismo-wheels.com\/#organization\"},\"potentialAction\":[{\"@type\":\"SearchAction\",\"target\":{\"@type\":\"EntryPoint\",\"urlTemplate\":\"https:\/\/turismo-wheels.com\/?s={search_term_string}\"},\"query-input\":{\"@type\":\"PropertyValueSpecification\",\"valueRequired\":true,\"valueName\":\"search_term_string\"}}],\"inLanguage\":\"en-US\"},{\"@type\":\"Organization\",\"@id\":\"https:\/\/turismo-wheels.com\/#organization\",\"name\":\"Turismo Wheels\",\"alternateName\":\"Turismo\",\"url\":\"https:\/\/turismo-wheels.com\/\",\"logo\":{\"@type\":\"ImageObject\",\"inLanguage\":\"en-US\",\"@id\":\"https:\/\/turismo-wheels.com\/#\/schema\/logo\/image\/\",\"url\":\"https:\/\/turismo-wheels.com\/wp-content\/uploads\/2024\/03\/turismo-logo-rgb-sygnet.png\",\"contentUrl\":\"https:\/\/turismo-wheels.com\/wp-content\/uploads\/2024\/03\/turismo-logo-rgb-sygnet.png\",\"width\":512,\"height\":512,\"caption\":\"Turismo Wheels\"},\"image\":{\"@id\":\"https:\/\/turismo-wheels.com\/#\/schema\/logo\/image\/\"},\"sameAs\":[\"https:\/\/www.facebook.com\/turismowheels\",\"https:\/\/www.instagram.com\/turismo_wheels\/\",\"https:\/\/www.youtube.com\/@turismo_wheels\"],\"description\":\"Producent najwy\u017cszej jako\u015bci felg aluminiowych z kutego aluminium 6061 oraz magnezu do samochod\u00f3w klasy premium.\",\"email\":\"bok@turismo-wheels.com\",\"telephone\":\"+48 798 412 782\",\"legalName\":\"Turismo sp. z o.o.\",\"vatID\":\"PL8943152934\",\"numberOfEmployees\":{\"@type\":\"QuantitativeValue\",\"minValue\":\"1\",\"maxValue\":\"10\"},\"hasMerchantReturnPolicy\":{\"@type\":\"MerchantReturnPolicy\",\"merchantReturnLink\":\"https:\/\/turismo-wheels.com\/polityka-zwrotow\/\"}}]}<\/script>\n<meta property=\"og:availability\" content=\"backorder\" \/>\n<meta property=\"product:availability\" content=\"available for order\" \/>\n<meta property=\"product:retailer_item_id\" content=\"CUSTOM-SF-R\" \/>\n<meta property=\"product:condition\" content=\"new\" \/>\n<!-- \/ Yoast SEO Premium plugin. -->","yoast_head_json":{"title":"Turismo Forged SF-R &#8212; Turismo Wheels","robots":{"index":"index","follow":"follow","max-snippet":"max-snippet:-1","max-image-preview":"max-image-preview:large","max-video-preview":"max-video-preview:-1"},"canonical":"https:\/\/turismo-wheels.com\/prod\/turismo-forged-sf-r\/","og_locale":"en_US","og_type":"article","og_title":"Turismo Forged SF-R","og_description":"Turismo Forged SF-R is a forged wheel whose design is based on a proven 5-spoke structure. Thanks to the use of CNC technology, the wheel is characterized by a modern, dynamic design with a lot of sharp edges, millings and chamfers. Thin arms ending with an eye-catching aero-ring emphasize the sporty character of the wheel.","og_url":"https:\/\/turismo-wheels.com\/prod\/turismo-forged-sf-r\/","og_site_name":"Turismo Wheels","article_publisher":"https:\/\/www.facebook.com\/turismowheels","twitter_card":"summary_large_image","twitter_misc":{"Availability":"On backorder"},"schema":{"@context":"https:\/\/schema.org","@graph":[{"@type":"WebPage","@id":"https:\/\/turismo-wheels.com\/prod\/turismo-forged-sf-r\/","url":"https:\/\/turismo-wheels.com\/prod\/turismo-forged-sf-r\/","name":"Turismo Forged SF-R &#8212; Turismo Wheels","isPartOf":{"@id":"https:\/\/turismo-wheels.com\/#website"},"primaryImageOfPage":{"@id":"https:\/\/turismo-wheels.com\/prod\/turismo-forged-sf-r\/#primaryimage"},"image":{"@id":"https:\/\/turismo-wheels.com\/prod\/turismo-forged-sf-r\/#primaryimage"},"thumbnailUrl":"https:\/\/turismo-wheels.com\/wp-content\/uploads\/2024\/02\/TURISMO_FORGED_SF-R_TR48_BRUSHED-BRONZE_ANGLE_.png","datePublished":"2024-02-23T12:30:31+00:00","breadcrumb":{"@id":"https:\/\/turismo-wheels.com\/prod\/turismo-forged-sf-r\/#breadcrumb"},"inLanguage":"en-US","potentialAction":[{"@type":"ReadAction","target":["https:\/\/turismo-wheels.com\/prod\/turismo-forged-sf-r\/"]}]},{"@type":"ImageObject","inLanguage":"en-US","@id":"https:\/\/turismo-wheels.com\/prod\/turismo-forged-sf-r\/#primaryimage","url":"https:\/\/turismo-wheels.com\/wp-content\/uploads\/2024\/02\/TURISMO_FORGED_SF-R_TR48_BRUSHED-BRONZE_ANGLE_.png","contentUrl":"https:\/\/turismo-wheels.com\/wp-content\/uploads\/2024\/02\/TURISMO_FORGED_SF-R_TR48_BRUSHED-BRONZE_ANGLE_.png","width":2560,"height":2560,"caption":"Turismo Forged Wheels - SF-R Brushed Bronze"},{"@type":"BreadcrumbList","@id":"https:\/\/turismo-wheels.com\/prod\/turismo-forged-sf-r\/#breadcrumb","itemListElement":[{"@type":"ListItem","position":1,"name":"Home","item":"https:\/\/turismo-wheels.com\/en\/home\/"},{"@type":"ListItem","position":2,"name":"Shop","item":"https:\/\/turismo-wheels.com\/en\/shop\/"},{"@type":"ListItem","position":3,"name":"Turismo Forged SF-R"}]},{"@type":"WebSite","@id":"https:\/\/turismo-wheels.com\/#website","url":"https:\/\/turismo-wheels.com\/","name":"Turismo Wheels","description":"Manufacturer of flowform wheels and custom forged aluminum wheels","publisher":{"@id":"https:\/\/turismo-wheels.com\/#organization"},"potentialAction":[{"@type":"SearchAction","target":{"@type":"EntryPoint","urlTemplate":"https:\/\/turismo-wheels.com\/?s={search_term_string}"},"query-input":{"@type":"PropertyValueSpecification","valueRequired":true,"valueName":"search_term_string"}}],"inLanguage":"en-US"},{"@type":"Organization","@id":"https:\/\/turismo-wheels.com\/#organization","name":"Turismo Wheels","alternateName":"Turismo","url":"https:\/\/turismo-wheels.com\/","logo":{"@type":"ImageObject","inLanguage":"en-US","@id":"https:\/\/turismo-wheels.com\/#\/schema\/logo\/image\/","url":"https:\/\/turismo-wheels.com\/wp-content\/uploads\/2024\/03\/turismo-logo-rgb-sygnet.png","contentUrl":"https:\/\/turismo-wheels.com\/wp-content\/uploads\/2024\/03\/turismo-logo-rgb-sygnet.png","width":512,"height":512,"caption":"Turismo Wheels"},"image":{"@id":"https:\/\/turismo-wheels.com\/#\/schema\/logo\/image\/"},"sameAs":["https:\/\/www.facebook.com\/turismowheels","https:\/\/www.instagram.com\/turismo_wheels\/","https:\/\/www.youtube.com\/@turismo_wheels"],"description":"Producent najwy\u017cszej jako\u015bci felg aluminiowych z kutego aluminium 6061 oraz magnezu do samochod\u00f3w klasy premium.","email":"bok@turismo-wheels.com","telephone":"+48 798 412 782","legalName":"Turismo sp. z o.o.","vatID":"PL8943152934","numberOfEmployees":{"@type":"QuantitativeValue","minValue":"1","maxValue":"10"},"hasMerchantReturnPolicy":{"@type":"MerchantReturnPolicy","merchantReturnLink":"https:\/\/turismo-wheels.com\/polityka-zwrotow\/"}}]},"og_availability":"backorder","product_availability":"available for order","product_retailer_item_id":"CUSTOM-SF-R","product_condition":"new"},"_links":{"self":[{"href":"https:\/\/turismo-wheels.com\/en\/wp-json\/wp\/v2\/product\/6919","targetHints":{"allow":["GET"]}}],"collection":[{"href":"https:\/\/turismo-wheels.com\/en\/wp-json\/wp\/v2\/product"}],"about":[{"href":"https:\/\/turismo-wheels.com\/en\/wp-json\/wp\/v2\/types\/product"}],"wp:featuredmedia":[{"embeddable":true,"href":"https:\/\/turismo-wheels.com\/en\/wp-json\/wp\/v2\/media\/5631"}],"wp:attachment":[{"href":"https:\/\/turismo-wheels.com\/en\/wp-json\/wp\/v2\/media?parent=6919"}],"wp:term":[{"taxonomy":"product_brand","embeddable":true,"href":"https:\/\/turismo-wheels.com\/en\/wp-json\/wp\/v2\/product_brand?post=6919"},{"taxonomy":"product_cat","embeddable":true,"href":"https:\/\/turismo-wheels.com\/en\/wp-json\/wp\/v2\/product_cat?post=6919"},{"taxonomy":"product_tag","embeddable":true,"href":"https:\/\/turismo-wheels.com\/en\/wp-json\/wp\/v2\/product_tag?post=6919"}],"curies":[{"name":"wp","href":"https:\/\/api.w.org\/{rel}","templated":true}]}}