{"id":6844,"date":"2024-02-26T15:57:39","date_gmt":"2024-02-26T14:57:39","guid":{"rendered":"https:\/\/turismo-wheels.com\/prod\/turismo-forged-dx-r\/"},"modified":"2024-06-18T01:37:42","modified_gmt":"2024-06-17T23:37:42","slug":"turismo-forged-dx-r","status":"publish","type":"product","link":"https:\/\/turismo-wheels.com\/en\/prod\/turismo-forged-dx-r\/","title":{"rendered":"Turismo Forged DX-R"},"content":{"rendered":"<p><strong>Turismo Forged DX-R<\/strong> is a demonstration of the possibilities of CNC technology. This pattern is characterized by a very large number of millings, embossing and cuts that are impossible to achieve with cast or flowform technology. The DX-R rim has been additionally enriched with an integrated aero-ring, which gives it an even more aggressive look.<\/p>\n<p>DX-R is a product made to individual order. All forged rims are made of high-quality 6061 aluminum. In the case of individual orders, it is possible to personalize technical parameters such as diameter, width, offset), as well as the type and color of finishing. Turismo DX-R can also be made in a two-piece or three-piece variant.<\/p>\n","protected":false},"excerpt":{"rendered":"<p><strong>Turismo Forged DX-R<\/strong> is a demonstration of the possibilities of CNC technology. This pattern is characterized by a very large number of millings, embossing and cuts that are impossible to achieve with cast or flowform technology. The DX-R rim has been additionally enriched with an integrated aero-ring, which gives it an even more aggressive look.<\/p>\n","protected":false},"featured_media":5667,"template":"","meta":{"_acf_changed":false},"product_brand":[],"product_cat":[532],"product_tag":[578,541,540],"class_list":{"0":"post-6844","1":"product","2":"type-product","3":"status-publish","4":"has-post-thumbnail","6":"product_cat-forged-wheels","7":"product_tag-dx-r-en","8":"product_tag-forged-en","9":"product_tag-turismo-en","11":"first","12":"onbackorder","13":"taxable","14":"shipping-taxable","15":"purchasable","16":"product-type-variable","17":"wvs-archive-product-wrapper"},"acf":[],"yoast_head":"<!-- This site is optimized with the Yoast SEO Premium plugin v27.4 (Yoast SEO v27.4) - https:\/\/yoast.com\/product\/yoast-seo-premium-wordpress\/ -->\n<title>Turismo Forged DX-R &#8212; Turismo Wheels<\/title>\n<meta name=\"robots\" content=\"index, follow, max-snippet:-1, max-image-preview:large, max-video-preview:-1\" \/>\n<link rel=\"canonical\" href=\"https:\/\/turismo-wheels.com\/en\/prod\/turismo-forged-dx-r\/\" \/>\n<meta property=\"og:locale\" content=\"en_US\" \/>\n<meta property=\"og:type\" content=\"article\" \/>\n<meta property=\"og:title\" content=\"Turismo Forged DX-R\" \/>\n<meta property=\"og:description\" content=\"Turismo Forged DX-R is a demonstration of the possibilities of CNC technology. This pattern is characterized by a very large number of millings, embossing and cuts that are impossible to achieve with cast or flowform technology. The DX-R rim has been additionally enriched with an integrated aero-ring, which gives it an even more aggressive look.\" \/>\n<meta property=\"og:url\" content=\"https:\/\/turismo-wheels.com\/en\/prod\/turismo-forged-dx-r\/\" \/>\n<meta property=\"og:site_name\" content=\"Turismo Wheels\" \/>\n<meta property=\"article:publisher\" content=\"https:\/\/www.facebook.com\/turismowheels\" \/>\n<meta property=\"article:modified_time\" content=\"2024-06-17T23:37:42+00:00\" \/>\n<meta property=\"og:image\" content=\"https:\/\/turismo-wheels.com\/wp-content\/uploads\/2024\/02\/TURISMO_FORGED_DX-R_TR42_BRUSHED-GREY_ANGLE_-1024x1024.png\" \/>\n\t<meta property=\"og:image:width\" content=\"1024\" \/>\n\t<meta property=\"og:image:height\" content=\"1024\" \/>\n\t<meta property=\"og:image:type\" content=\"image\/png\" \/>\n<meta name=\"twitter:card\" content=\"summary_large_image\" \/>\n<meta name=\"twitter:label1\" content=\"Availability\" \/>\n\t<meta name=\"twitter:data1\" content=\"On backorder\" \/>\n<script type=\"application\/ld+json\" class=\"yoast-schema-graph\">{\"@context\":\"https:\\\/\\\/schema.org\",\"@graph\":[{\"@type\":\"WebPage\",\"@id\":\"https:\\\/\\\/turismo-wheels.com\\\/en\\\/prod\\\/turismo-forged-dx-r\\\/\",\"url\":\"https:\\\/\\\/turismo-wheels.com\\\/en\\\/prod\\\/turismo-forged-dx-r\\\/\",\"name\":\"Turismo Forged DX-R &#8212; Turismo Wheels\",\"isPartOf\":{\"@id\":\"https:\\\/\\\/turismo-wheels.com\\\/#website\"},\"primaryImageOfPage\":{\"@id\":\"https:\\\/\\\/turismo-wheels.com\\\/en\\\/prod\\\/turismo-forged-dx-r\\\/#primaryimage\"},\"image\":{\"@id\":\"https:\\\/\\\/turismo-wheels.com\\\/en\\\/prod\\\/turismo-forged-dx-r\\\/#primaryimage\"},\"thumbnailUrl\":\"https:\\\/\\\/turismo-wheels.com\\\/wp-content\\\/uploads\\\/2024\\\/02\\\/TURISMO_FORGED_DX-R_TR42_BRUSHED-GREY_ANGLE_.png\",\"datePublished\":\"2024-02-26T14:57:39+00:00\",\"dateModified\":\"2024-06-17T23:37:42+00:00\",\"breadcrumb\":{\"@id\":\"https:\\\/\\\/turismo-wheels.com\\\/en\\\/prod\\\/turismo-forged-dx-r\\\/#breadcrumb\"},\"inLanguage\":\"en-US\",\"potentialAction\":[{\"@type\":\"ReadAction\",\"target\":[\"https:\\\/\\\/turismo-wheels.com\\\/en\\\/prod\\\/turismo-forged-dx-r\\\/\"]}]},{\"@type\":\"ImageObject\",\"inLanguage\":\"en-US\",\"@id\":\"https:\\\/\\\/turismo-wheels.com\\\/en\\\/prod\\\/turismo-forged-dx-r\\\/#primaryimage\",\"url\":\"https:\\\/\\\/turismo-wheels.com\\\/wp-content\\\/uploads\\\/2024\\\/02\\\/TURISMO_FORGED_DX-R_TR42_BRUSHED-GREY_ANGLE_.png\",\"contentUrl\":\"https:\\\/\\\/turismo-wheels.com\\\/wp-content\\\/uploads\\\/2024\\\/02\\\/TURISMO_FORGED_DX-R_TR42_BRUSHED-GREY_ANGLE_.png\",\"width\":2560,\"height\":2560,\"caption\":\"Turismo Forged Wheels - DX-R Brushed Grey\"},{\"@type\":\"BreadcrumbList\",\"@id\":\"https:\\\/\\\/turismo-wheels.com\\\/en\\\/prod\\\/turismo-forged-dx-r\\\/#breadcrumb\",\"itemListElement\":[{\"@type\":\"ListItem\",\"position\":1,\"name\":\"Home\",\"item\":\"https:\\\/\\\/turismo-wheels.com\\\/en\\\/home\\\/\"},{\"@type\":\"ListItem\",\"position\":2,\"name\":\"Shop\",\"item\":\"https:\\\/\\\/turismo-wheels.com\\\/en\\\/shop\\\/\"},{\"@type\":\"ListItem\",\"position\":3,\"name\":\"Turismo Forged DX-R\"}]},{\"@type\":\"WebSite\",\"@id\":\"https:\\\/\\\/turismo-wheels.com\\\/#website\",\"url\":\"https:\\\/\\\/turismo-wheels.com\\\/\",\"name\":\"Turismo Wheels\",\"description\":\"Manufacturer of flowform wheels and custom forged aluminum wheels\",\"publisher\":{\"@id\":\"https:\\\/\\\/turismo-wheels.com\\\/#organization\"},\"potentialAction\":[{\"@type\":\"SearchAction\",\"target\":{\"@type\":\"EntryPoint\",\"urlTemplate\":\"https:\\\/\\\/turismo-wheels.com\\\/?s={search_term_string}\"},\"query-input\":{\"@type\":\"PropertyValueSpecification\",\"valueRequired\":true,\"valueName\":\"search_term_string\"}}],\"inLanguage\":\"en-US\"},{\"@type\":\"Organization\",\"@id\":\"https:\\\/\\\/turismo-wheels.com\\\/#organization\",\"name\":\"Turismo Wheels\",\"alternateName\":\"Turismo\",\"url\":\"https:\\\/\\\/turismo-wheels.com\\\/\",\"logo\":{\"@type\":\"ImageObject\",\"inLanguage\":\"en-US\",\"@id\":\"https:\\\/\\\/turismo-wheels.com\\\/#\\\/schema\\\/logo\\\/image\\\/\",\"url\":\"https:\\\/\\\/turismo-wheels.com\\\/wp-content\\\/uploads\\\/2024\\\/03\\\/turismo-logo-rgb-sygnet.png\",\"contentUrl\":\"https:\\\/\\\/turismo-wheels.com\\\/wp-content\\\/uploads\\\/2024\\\/03\\\/turismo-logo-rgb-sygnet.png\",\"width\":512,\"height\":512,\"caption\":\"Turismo Wheels\"},\"image\":{\"@id\":\"https:\\\/\\\/turismo-wheels.com\\\/#\\\/schema\\\/logo\\\/image\\\/\"},\"sameAs\":[\"https:\\\/\\\/www.facebook.com\\\/turismowheels\",\"https:\\\/\\\/www.instagram.com\\\/turismo_wheels\\\/\",\"https:\\\/\\\/www.youtube.com\\\/@turismo_wheels\"],\"description\":\"Producent najwy\u017cszej jako\u015bci felg aluminiowych z kutego aluminium 6061 oraz magnezu do samochod\u00f3w klasy premium.\",\"email\":\"bok@turismo-wheels.com\",\"telephone\":\"+48 798 412 782\",\"legalName\":\"Turismo sp. z o.o.\",\"vatID\":\"PL8943152934\",\"numberOfEmployees\":{\"@type\":\"QuantitativeValue\",\"minValue\":\"1\",\"maxValue\":\"10\"},\"hasMerchantReturnPolicy\":{\"@type\":\"MerchantReturnPolicy\",\"merchantReturnLink\":\"https:\\\/\\\/turismo-wheels.com\\\/polityka-zwrotow\\\/\"}}]}<\/script>\n<meta property=\"og:availability\" content=\"backorder\" \/>\n<meta property=\"product:availability\" content=\"available for order\" \/>\n<meta property=\"product:retailer_item_id\" content=\"CUSTOM-DX-R\" \/>\n<meta property=\"product:condition\" content=\"new\" \/>\n<!-- \/ Yoast SEO Premium plugin. -->","yoast_head_json":{"title":"Turismo Forged DX-R &#8212; Turismo Wheels","robots":{"index":"index","follow":"follow","max-snippet":"max-snippet:-1","max-image-preview":"max-image-preview:large","max-video-preview":"max-video-preview:-1"},"canonical":"https:\/\/turismo-wheels.com\/en\/prod\/turismo-forged-dx-r\/","og_locale":"en_US","og_type":"article","og_title":"Turismo Forged DX-R","og_description":"Turismo Forged DX-R is a demonstration of the possibilities of CNC technology. This pattern is characterized by a very large number of millings, embossing and cuts that are impossible to achieve with cast or flowform technology. The DX-R rim has been additionally enriched with an integrated aero-ring, which gives it an even more aggressive look.","og_url":"https:\/\/turismo-wheels.com\/en\/prod\/turismo-forged-dx-r\/","og_site_name":"Turismo Wheels","article_publisher":"https:\/\/www.facebook.com\/turismowheels","article_modified_time":"2024-06-17T23:37:42+00:00","og_image":[{"width":1024,"height":1024,"url":"https:\/\/turismo-wheels.com\/wp-content\/uploads\/2024\/02\/TURISMO_FORGED_DX-R_TR42_BRUSHED-GREY_ANGLE_-1024x1024.png","type":"image\/png"}],"twitter_card":"summary_large_image","twitter_misc":{"Availability":"On backorder"},"schema":{"@context":"https:\/\/schema.org","@graph":[{"@type":"WebPage","@id":"https:\/\/turismo-wheels.com\/en\/prod\/turismo-forged-dx-r\/","url":"https:\/\/turismo-wheels.com\/en\/prod\/turismo-forged-dx-r\/","name":"Turismo Forged DX-R &#8212; Turismo Wheels","isPartOf":{"@id":"https:\/\/turismo-wheels.com\/#website"},"primaryImageOfPage":{"@id":"https:\/\/turismo-wheels.com\/en\/prod\/turismo-forged-dx-r\/#primaryimage"},"image":{"@id":"https:\/\/turismo-wheels.com\/en\/prod\/turismo-forged-dx-r\/#primaryimage"},"thumbnailUrl":"https:\/\/turismo-wheels.com\/wp-content\/uploads\/2024\/02\/TURISMO_FORGED_DX-R_TR42_BRUSHED-GREY_ANGLE_.png","datePublished":"2024-02-26T14:57:39+00:00","dateModified":"2024-06-17T23:37:42+00:00","breadcrumb":{"@id":"https:\/\/turismo-wheels.com\/en\/prod\/turismo-forged-dx-r\/#breadcrumb"},"inLanguage":"en-US","potentialAction":[{"@type":"ReadAction","target":["https:\/\/turismo-wheels.com\/en\/prod\/turismo-forged-dx-r\/"]}]},{"@type":"ImageObject","inLanguage":"en-US","@id":"https:\/\/turismo-wheels.com\/en\/prod\/turismo-forged-dx-r\/#primaryimage","url":"https:\/\/turismo-wheels.com\/wp-content\/uploads\/2024\/02\/TURISMO_FORGED_DX-R_TR42_BRUSHED-GREY_ANGLE_.png","contentUrl":"https:\/\/turismo-wheels.com\/wp-content\/uploads\/2024\/02\/TURISMO_FORGED_DX-R_TR42_BRUSHED-GREY_ANGLE_.png","width":2560,"height":2560,"caption":"Turismo Forged Wheels - DX-R Brushed Grey"},{"@type":"BreadcrumbList","@id":"https:\/\/turismo-wheels.com\/en\/prod\/turismo-forged-dx-r\/#breadcrumb","itemListElement":[{"@type":"ListItem","position":1,"name":"Home","item":"https:\/\/turismo-wheels.com\/en\/home\/"},{"@type":"ListItem","position":2,"name":"Shop","item":"https:\/\/turismo-wheels.com\/en\/shop\/"},{"@type":"ListItem","position":3,"name":"Turismo Forged DX-R"}]},{"@type":"WebSite","@id":"https:\/\/turismo-wheels.com\/#website","url":"https:\/\/turismo-wheels.com\/","name":"Turismo Wheels","description":"Manufacturer of flowform wheels and custom forged aluminum wheels","publisher":{"@id":"https:\/\/turismo-wheels.com\/#organization"},"potentialAction":[{"@type":"SearchAction","target":{"@type":"EntryPoint","urlTemplate":"https:\/\/turismo-wheels.com\/?s={search_term_string}"},"query-input":{"@type":"PropertyValueSpecification","valueRequired":true,"valueName":"search_term_string"}}],"inLanguage":"en-US"},{"@type":"Organization","@id":"https:\/\/turismo-wheels.com\/#organization","name":"Turismo Wheels","alternateName":"Turismo","url":"https:\/\/turismo-wheels.com\/","logo":{"@type":"ImageObject","inLanguage":"en-US","@id":"https:\/\/turismo-wheels.com\/#\/schema\/logo\/image\/","url":"https:\/\/turismo-wheels.com\/wp-content\/uploads\/2024\/03\/turismo-logo-rgb-sygnet.png","contentUrl":"https:\/\/turismo-wheels.com\/wp-content\/uploads\/2024\/03\/turismo-logo-rgb-sygnet.png","width":512,"height":512,"caption":"Turismo Wheels"},"image":{"@id":"https:\/\/turismo-wheels.com\/#\/schema\/logo\/image\/"},"sameAs":["https:\/\/www.facebook.com\/turismowheels","https:\/\/www.instagram.com\/turismo_wheels\/","https:\/\/www.youtube.com\/@turismo_wheels"],"description":"Producent najwy\u017cszej jako\u015bci felg aluminiowych z kutego aluminium 6061 oraz magnezu do samochod\u00f3w klasy premium.","email":"bok@turismo-wheels.com","telephone":"+48 798 412 782","legalName":"Turismo sp. z o.o.","vatID":"PL8943152934","numberOfEmployees":{"@type":"QuantitativeValue","minValue":"1","maxValue":"10"},"hasMerchantReturnPolicy":{"@type":"MerchantReturnPolicy","merchantReturnLink":"https:\/\/turismo-wheels.com\/polityka-zwrotow\/"}}]},"og_availability":"backorder","product_availability":"available for order","product_retailer_item_id":"CUSTOM-DX-R","product_condition":"new"},"_links":{"self":[{"href":"https:\/\/turismo-wheels.com\/en\/wp-json\/wp\/v2\/product\/6844","targetHints":{"allow":["GET"]}}],"collection":[{"href":"https:\/\/turismo-wheels.com\/en\/wp-json\/wp\/v2\/product"}],"about":[{"href":"https:\/\/turismo-wheels.com\/en\/wp-json\/wp\/v2\/types\/product"}],"wp:featuredmedia":[{"embeddable":true,"href":"https:\/\/turismo-wheels.com\/en\/wp-json\/wp\/v2\/media\/5667"}],"wp:attachment":[{"href":"https:\/\/turismo-wheels.com\/en\/wp-json\/wp\/v2\/media?parent=6844"}],"wp:term":[{"taxonomy":"product_brand","embeddable":true,"href":"https:\/\/turismo-wheels.com\/en\/wp-json\/wp\/v2\/product_brand?post=6844"},{"taxonomy":"product_cat","embeddable":true,"href":"https:\/\/turismo-wheels.com\/en\/wp-json\/wp\/v2\/product_cat?post=6844"},{"taxonomy":"product_tag","embeddable":true,"href":"https:\/\/turismo-wheels.com\/en\/wp-json\/wp\/v2\/product_tag?post=6844"}],"curies":[{"name":"wp","href":"https:\/\/api.w.org\/{rel}","templated":true}]}}