{"id":6833,"date":"2023-12-22T19:44:04","date_gmt":"2023-12-22T19:44:04","guid":{"rendered":"https:\/\/turismo-wheels.com\/prod\/turismo-forged-c04\/"},"modified":"2025-12-09T12:03:49","modified_gmt":"2025-12-09T11:03:49","slug":"turismo-forged-c04","status":"publish","type":"product","link":"https:\/\/turismo-wheels.com\/en\/prod\/turismo-forged-c04\/","title":{"rendered":"Turismo Forged C04"},"content":{"rendered":"<p><strong>Turismo Forged C04<\/strong> are wheels with a lightweight structure and excellent reinforcement. Made of high-quality 6061 aluminum, characterized by extraordinary durability. The specially designed pattern is dedicated mainly to heavy cars from the SUV and Kombi (Avant) segments. Discover the unique style and durability that forged aluminum rims offer.<\/p>\n","protected":false},"excerpt":{"rendered":"<p><strong>Turismo Forged C04<\/strong> are wheels with a lightweight structure and excellent reinforcement. Made of high-quality 6061 aluminum, characterized by extraordinary durability. The specially designed pattern is dedicated mainly to heavy cars from the SUV and Kombi (Avant) segments. Discover the unique style and durability that forged aluminum rims offer.<\/p>\n","protected":false},"featured_media":4992,"template":"","meta":{"_acf_changed":false},"product_brand":[],"product_cat":[533],"product_tag":[552,541,641,540],"class_list":{"0":"post-6833","1":"product","2":"type-product","3":"status-publish","4":"has-post-thumbnail","6":"product_cat-forged-wheels-in-stock","7":"product_tag-c04-en","8":"product_tag-forged-en","9":"product_tag-in-stock","10":"product_tag-turismo-en","11":"product_shipping_class-large-en","13":"first","14":"instock","15":"taxable","16":"shipping-taxable","17":"purchasable","18":"product-type-variable","19":"wvs-archive-product-wrapper"},"acf":[],"yoast_head":"<!-- This site is optimized with the Yoast SEO Premium plugin v27.4 (Yoast SEO v27.4) - https:\/\/yoast.com\/product\/yoast-seo-premium-wordpress\/ -->\n<title>Turismo Forged C04 &#8212; Turismo Wheels<\/title>\n<meta name=\"robots\" content=\"index, follow, max-snippet:-1, max-image-preview:large, max-video-preview:-1\" \/>\n<link rel=\"canonical\" href=\"https:\/\/turismo-wheels.com\/en\/prod\/turismo-forged-c04\/\" \/>\n<meta property=\"og:locale\" content=\"en_US\" \/>\n<meta property=\"og:type\" content=\"article\" \/>\n<meta property=\"og:title\" content=\"Turismo Forged C04\" \/>\n<meta property=\"og:description\" content=\"Turismo Forged C04 are wheels with a lightweight structure and excellent reinforcement. Made of high-quality 6061 aluminum, characterized by extraordinary durability. The specially designed pattern is dedicated mainly to heavy cars from the SUV and Kombi (Avant) segments. Discover the unique style and durability that forged aluminum rims offer.\" \/>\n<meta property=\"og:url\" content=\"https:\/\/turismo-wheels.com\/en\/prod\/turismo-forged-c04\/\" \/>\n<meta property=\"og:site_name\" content=\"Turismo Wheels\" \/>\n<meta property=\"article:publisher\" content=\"https:\/\/www.facebook.com\/turismowheels\" \/>\n<meta property=\"article:modified_time\" content=\"2025-12-09T11:03:49+00:00\" \/>\n<meta property=\"og:image\" content=\"https:\/\/turismo-wheels.com\/wp-content\/uploads\/2023\/12\/TURISMO_FORGED_C4_TR42_BRUSHEDGREY_ANGLE_-1024x1024.png\" \/>\n\t<meta property=\"og:image:width\" content=\"1024\" \/>\n\t<meta property=\"og:image:height\" content=\"1024\" \/>\n\t<meta property=\"og:image:type\" content=\"image\/png\" \/>\n<meta name=\"twitter:card\" content=\"summary_large_image\" \/>\n<meta name=\"twitter:label1\" content=\"Availability\" \/>\n\t<meta name=\"twitter:data1\" content=\"In stock\" \/>\n<script type=\"application\/ld+json\" class=\"yoast-schema-graph\">{\"@context\":\"https:\\\/\\\/schema.org\",\"@graph\":[{\"@type\":\"WebPage\",\"@id\":\"https:\\\/\\\/turismo-wheels.com\\\/en\\\/prod\\\/turismo-forged-c04\\\/\",\"url\":\"https:\\\/\\\/turismo-wheels.com\\\/en\\\/prod\\\/turismo-forged-c04\\\/\",\"name\":\"Turismo Forged C04 &#8212; Turismo Wheels\",\"isPartOf\":{\"@id\":\"https:\\\/\\\/turismo-wheels.com\\\/#website\"},\"primaryImageOfPage\":{\"@id\":\"https:\\\/\\\/turismo-wheels.com\\\/en\\\/prod\\\/turismo-forged-c04\\\/#primaryimage\"},\"image\":{\"@id\":\"https:\\\/\\\/turismo-wheels.com\\\/en\\\/prod\\\/turismo-forged-c04\\\/#primaryimage\"},\"thumbnailUrl\":\"https:\\\/\\\/turismo-wheels.com\\\/wp-content\\\/uploads\\\/2023\\\/12\\\/TURISMO_FORGED_C4_TR42_BRUSHEDGREY_ANGLE_.png\",\"datePublished\":\"2023-12-22T19:44:04+00:00\",\"dateModified\":\"2025-12-09T11:03:49+00:00\",\"breadcrumb\":{\"@id\":\"https:\\\/\\\/turismo-wheels.com\\\/en\\\/prod\\\/turismo-forged-c04\\\/#breadcrumb\"},\"inLanguage\":\"en-US\",\"potentialAction\":[{\"@type\":\"ReadAction\",\"target\":[\"https:\\\/\\\/turismo-wheels.com\\\/en\\\/prod\\\/turismo-forged-c04\\\/\"]}]},{\"@type\":\"ImageObject\",\"inLanguage\":\"en-US\",\"@id\":\"https:\\\/\\\/turismo-wheels.com\\\/en\\\/prod\\\/turismo-forged-c04\\\/#primaryimage\",\"url\":\"https:\\\/\\\/turismo-wheels.com\\\/wp-content\\\/uploads\\\/2023\\\/12\\\/TURISMO_FORGED_C4_TR42_BRUSHEDGREY_ANGLE_.png\",\"contentUrl\":\"https:\\\/\\\/turismo-wheels.com\\\/wp-content\\\/uploads\\\/2023\\\/12\\\/TURISMO_FORGED_C4_TR42_BRUSHEDGREY_ANGLE_.png\",\"width\":2560,\"height\":2560,\"caption\":\"Turismo Forged Wheels - C4 Brushed Grey\"},{\"@type\":\"BreadcrumbList\",\"@id\":\"https:\\\/\\\/turismo-wheels.com\\\/en\\\/prod\\\/turismo-forged-c04\\\/#breadcrumb\",\"itemListElement\":[{\"@type\":\"ListItem\",\"position\":1,\"name\":\"Home\",\"item\":\"https:\\\/\\\/turismo-wheels.com\\\/en\\\/home\\\/\"},{\"@type\":\"ListItem\",\"position\":2,\"name\":\"Shop\",\"item\":\"https:\\\/\\\/turismo-wheels.com\\\/en\\\/shop\\\/\"},{\"@type\":\"ListItem\",\"position\":3,\"name\":\"Turismo Forged C04\"}]},{\"@type\":\"WebSite\",\"@id\":\"https:\\\/\\\/turismo-wheels.com\\\/#website\",\"url\":\"https:\\\/\\\/turismo-wheels.com\\\/\",\"name\":\"Turismo Wheels\",\"description\":\"Manufacturer of flowform wheels and custom forged aluminum wheels\",\"publisher\":{\"@id\":\"https:\\\/\\\/turismo-wheels.com\\\/#organization\"},\"potentialAction\":[{\"@type\":\"SearchAction\",\"target\":{\"@type\":\"EntryPoint\",\"urlTemplate\":\"https:\\\/\\\/turismo-wheels.com\\\/?s={search_term_string}\"},\"query-input\":{\"@type\":\"PropertyValueSpecification\",\"valueRequired\":true,\"valueName\":\"search_term_string\"}}],\"inLanguage\":\"en-US\"},{\"@type\":\"Organization\",\"@id\":\"https:\\\/\\\/turismo-wheels.com\\\/#organization\",\"name\":\"Turismo Wheels\",\"alternateName\":\"Turismo\",\"url\":\"https:\\\/\\\/turismo-wheels.com\\\/\",\"logo\":{\"@type\":\"ImageObject\",\"inLanguage\":\"en-US\",\"@id\":\"https:\\\/\\\/turismo-wheels.com\\\/#\\\/schema\\\/logo\\\/image\\\/\",\"url\":\"https:\\\/\\\/turismo-wheels.com\\\/wp-content\\\/uploads\\\/2024\\\/03\\\/turismo-logo-rgb-sygnet.png\",\"contentUrl\":\"https:\\\/\\\/turismo-wheels.com\\\/wp-content\\\/uploads\\\/2024\\\/03\\\/turismo-logo-rgb-sygnet.png\",\"width\":512,\"height\":512,\"caption\":\"Turismo Wheels\"},\"image\":{\"@id\":\"https:\\\/\\\/turismo-wheels.com\\\/#\\\/schema\\\/logo\\\/image\\\/\"},\"sameAs\":[\"https:\\\/\\\/www.facebook.com\\\/turismowheels\",\"https:\\\/\\\/www.instagram.com\\\/turismo_wheels\\\/\",\"https:\\\/\\\/www.youtube.com\\\/@turismo_wheels\"],\"description\":\"Producent najwy\u017cszej jako\u015bci felg aluminiowych z kutego aluminium 6061 oraz magnezu do samochod\u00f3w klasy premium.\",\"email\":\"bok@turismo-wheels.com\",\"telephone\":\"+48 798 412 782\",\"legalName\":\"Turismo sp. z o.o.\",\"vatID\":\"PL8943152934\",\"numberOfEmployees\":{\"@type\":\"QuantitativeValue\",\"minValue\":\"1\",\"maxValue\":\"10\"},\"hasMerchantReturnPolicy\":{\"@type\":\"MerchantReturnPolicy\",\"merchantReturnLink\":\"https:\\\/\\\/turismo-wheels.com\\\/polityka-zwrotow\\\/\"}}]}<\/script>\n<meta property=\"product:brand\" content=\"Turismo\" \/>\n<meta property=\"og:availability\" content=\"instock\" \/>\n<meta property=\"product:availability\" content=\"instock\" \/>\n<meta property=\"product:retailer_item_id\" content=\"C04\" \/>\n<meta property=\"product:condition\" content=\"new\" \/>\n<!-- \/ Yoast SEO Premium plugin. -->","yoast_head_json":{"title":"Turismo Forged C04 &#8212; Turismo Wheels","robots":{"index":"index","follow":"follow","max-snippet":"max-snippet:-1","max-image-preview":"max-image-preview:large","max-video-preview":"max-video-preview:-1"},"canonical":"https:\/\/turismo-wheels.com\/en\/prod\/turismo-forged-c04\/","og_locale":"en_US","og_type":"article","og_title":"Turismo Forged C04","og_description":"Turismo Forged C04 are wheels with a lightweight structure and excellent reinforcement. Made of high-quality 6061 aluminum, characterized by extraordinary durability. The specially designed pattern is dedicated mainly to heavy cars from the SUV and Kombi (Avant) segments. Discover the unique style and durability that forged aluminum rims offer.","og_url":"https:\/\/turismo-wheels.com\/en\/prod\/turismo-forged-c04\/","og_site_name":"Turismo Wheels","article_publisher":"https:\/\/www.facebook.com\/turismowheels","article_modified_time":"2025-12-09T11:03:49+00:00","og_image":[{"width":1024,"height":1024,"url":"https:\/\/turismo-wheels.com\/wp-content\/uploads\/2023\/12\/TURISMO_FORGED_C4_TR42_BRUSHEDGREY_ANGLE_-1024x1024.png","type":"image\/png"}],"twitter_card":"summary_large_image","twitter_misc":{"Availability":"In stock"},"schema":{"@context":"https:\/\/schema.org","@graph":[{"@type":"WebPage","@id":"https:\/\/turismo-wheels.com\/en\/prod\/turismo-forged-c04\/","url":"https:\/\/turismo-wheels.com\/en\/prod\/turismo-forged-c04\/","name":"Turismo Forged C04 &#8212; Turismo Wheels","isPartOf":{"@id":"https:\/\/turismo-wheels.com\/#website"},"primaryImageOfPage":{"@id":"https:\/\/turismo-wheels.com\/en\/prod\/turismo-forged-c04\/#primaryimage"},"image":{"@id":"https:\/\/turismo-wheels.com\/en\/prod\/turismo-forged-c04\/#primaryimage"},"thumbnailUrl":"https:\/\/turismo-wheels.com\/wp-content\/uploads\/2023\/12\/TURISMO_FORGED_C4_TR42_BRUSHEDGREY_ANGLE_.png","datePublished":"2023-12-22T19:44:04+00:00","dateModified":"2025-12-09T11:03:49+00:00","breadcrumb":{"@id":"https:\/\/turismo-wheels.com\/en\/prod\/turismo-forged-c04\/#breadcrumb"},"inLanguage":"en-US","potentialAction":[{"@type":"ReadAction","target":["https:\/\/turismo-wheels.com\/en\/prod\/turismo-forged-c04\/"]}]},{"@type":"ImageObject","inLanguage":"en-US","@id":"https:\/\/turismo-wheels.com\/en\/prod\/turismo-forged-c04\/#primaryimage","url":"https:\/\/turismo-wheels.com\/wp-content\/uploads\/2023\/12\/TURISMO_FORGED_C4_TR42_BRUSHEDGREY_ANGLE_.png","contentUrl":"https:\/\/turismo-wheels.com\/wp-content\/uploads\/2023\/12\/TURISMO_FORGED_C4_TR42_BRUSHEDGREY_ANGLE_.png","width":2560,"height":2560,"caption":"Turismo Forged Wheels - C4 Brushed Grey"},{"@type":"BreadcrumbList","@id":"https:\/\/turismo-wheels.com\/en\/prod\/turismo-forged-c04\/#breadcrumb","itemListElement":[{"@type":"ListItem","position":1,"name":"Home","item":"https:\/\/turismo-wheels.com\/en\/home\/"},{"@type":"ListItem","position":2,"name":"Shop","item":"https:\/\/turismo-wheels.com\/en\/shop\/"},{"@type":"ListItem","position":3,"name":"Turismo Forged C04"}]},{"@type":"WebSite","@id":"https:\/\/turismo-wheels.com\/#website","url":"https:\/\/turismo-wheels.com\/","name":"Turismo Wheels","description":"Manufacturer of flowform wheels and custom forged aluminum wheels","publisher":{"@id":"https:\/\/turismo-wheels.com\/#organization"},"potentialAction":[{"@type":"SearchAction","target":{"@type":"EntryPoint","urlTemplate":"https:\/\/turismo-wheels.com\/?s={search_term_string}"},"query-input":{"@type":"PropertyValueSpecification","valueRequired":true,"valueName":"search_term_string"}}],"inLanguage":"en-US"},{"@type":"Organization","@id":"https:\/\/turismo-wheels.com\/#organization","name":"Turismo Wheels","alternateName":"Turismo","url":"https:\/\/turismo-wheels.com\/","logo":{"@type":"ImageObject","inLanguage":"en-US","@id":"https:\/\/turismo-wheels.com\/#\/schema\/logo\/image\/","url":"https:\/\/turismo-wheels.com\/wp-content\/uploads\/2024\/03\/turismo-logo-rgb-sygnet.png","contentUrl":"https:\/\/turismo-wheels.com\/wp-content\/uploads\/2024\/03\/turismo-logo-rgb-sygnet.png","width":512,"height":512,"caption":"Turismo Wheels"},"image":{"@id":"https:\/\/turismo-wheels.com\/#\/schema\/logo\/image\/"},"sameAs":["https:\/\/www.facebook.com\/turismowheels","https:\/\/www.instagram.com\/turismo_wheels\/","https:\/\/www.youtube.com\/@turismo_wheels"],"description":"Producent najwy\u017cszej jako\u015bci felg aluminiowych z kutego aluminium 6061 oraz magnezu do samochod\u00f3w klasy premium.","email":"bok@turismo-wheels.com","telephone":"+48 798 412 782","legalName":"Turismo sp. z o.o.","vatID":"PL8943152934","numberOfEmployees":{"@type":"QuantitativeValue","minValue":"1","maxValue":"10"},"hasMerchantReturnPolicy":{"@type":"MerchantReturnPolicy","merchantReturnLink":"https:\/\/turismo-wheels.com\/polityka-zwrotow\/"}}]},"product_brand":"Turismo","og_availability":"instock","product_availability":"instock","product_retailer_item_id":"C04","product_condition":"new"},"_links":{"self":[{"href":"https:\/\/turismo-wheels.com\/en\/wp-json\/wp\/v2\/product\/6833","targetHints":{"allow":["GET"]}}],"collection":[{"href":"https:\/\/turismo-wheels.com\/en\/wp-json\/wp\/v2\/product"}],"about":[{"href":"https:\/\/turismo-wheels.com\/en\/wp-json\/wp\/v2\/types\/product"}],"wp:featuredmedia":[{"embeddable":true,"href":"https:\/\/turismo-wheels.com\/en\/wp-json\/wp\/v2\/media\/4992"}],"wp:attachment":[{"href":"https:\/\/turismo-wheels.com\/en\/wp-json\/wp\/v2\/media?parent=6833"}],"wp:term":[{"taxonomy":"product_brand","embeddable":true,"href":"https:\/\/turismo-wheels.com\/en\/wp-json\/wp\/v2\/product_brand?post=6833"},{"taxonomy":"product_cat","embeddable":true,"href":"https:\/\/turismo-wheels.com\/en\/wp-json\/wp\/v2\/product_cat?post=6833"},{"taxonomy":"product_tag","embeddable":true,"href":"https:\/\/turismo-wheels.com\/en\/wp-json\/wp\/v2\/product_tag?post=6833"}],"curies":[{"name":"wp","href":"https:\/\/api.w.org\/{rel}","templated":true}]}}