{"id":6782,"date":"2024-05-08T14:47:13","date_gmt":"2024-05-08T12:47:13","guid":{"rendered":"https:\/\/turismo-wheels.com\/prod\/turismo-forged-mb01-2\/"},"modified":"2024-05-08T14:47:13","modified_gmt":"2024-05-08T12:47:13","slug":"turismo-forged-mb01-2","status":"publish","type":"product","link":"https:\/\/turismo-wheels.com\/en\/prod\/turismo-forged-mb01-2\/","title":{"rendered":"Turismo Forged MB01"},"content":{"rendered":"<p><strong>Turismo Forged MB01<\/strong> is a wheel whose design refers to the classic aesthetics of the Mercedes-Benz brand, while presenting a modern approach to construction and details. Each of its spokes has been designed to optimally distribute forces, which translates into excellent driving properties. MB01 offers smooth and subtle lines, perfect for the aesthetics of Mercedes-Benz vehicles.<\/p>\n<p>Each set of individually ordered forged wheels is made of 6061 class aluminum and adapted to the customer&#8217;s requirements, such as diameter, width and offset (ET) of the wheel.<\/p>\n<p>In addition, customers can choose from a wide range of color and finishing options, which allows for even greater personalization of the product according to their own preferences and needs.<\/p>\n","protected":false},"excerpt":{"rendered":"<p><strong>Turismo Forged MB01<\/strong> is a wheel whose design refers to the classic aesthetics of the Mercedes-Benz brand, while presenting a modern approach to construction and details. Each of its spokes has been designed to optimally distribute forces, which translates into excellent driving properties.<\/p>\n","protected":false},"featured_media":6165,"template":"","meta":{"_acf_changed":false},"product_brand":[],"product_cat":[532],"product_tag":[541,603,540],"class_list":{"0":"post-6782","1":"product","2":"type-product","3":"status-publish","4":"has-post-thumbnail","6":"product_cat-forged-wheels","7":"product_tag-forged-en","8":"product_tag-mb01-en","9":"product_tag-turismo-en","11":"first","12":"onbackorder","13":"taxable","14":"shipping-taxable","15":"purchasable","16":"product-type-variable","17":"wvs-archive-product-wrapper"},"acf":[],"yoast_head":"<!-- This site is optimized with the Yoast SEO Premium plugin v27.4 (Yoast SEO v27.4) - https:\/\/yoast.com\/product\/yoast-seo-premium-wordpress\/ -->\n<title>Turismo Forged MB01 &#8212; Turismo Wheels<\/title>\n<meta name=\"robots\" content=\"index, follow, max-snippet:-1, max-image-preview:large, max-video-preview:-1\" \/>\n<link rel=\"canonical\" href=\"https:\/\/turismo-wheels.com\/en\/prod\/turismo-forged-mb01-2\/\" \/>\n<meta property=\"og:locale\" content=\"en_US\" \/>\n<meta property=\"og:type\" content=\"article\" \/>\n<meta property=\"og:title\" content=\"Turismo Forged MB01\" \/>\n<meta property=\"og:description\" content=\"Turismo Forged MB01 is a wheel whose design refers to the classic aesthetics of the Mercedes-Benz brand, while presenting a modern approach to construction and details. Each of its spokes has been designed to optimally distribute forces, which translates into excellent driving properties.\" \/>\n<meta property=\"og:url\" content=\"https:\/\/turismo-wheels.com\/en\/prod\/turismo-forged-mb01-2\/\" \/>\n<meta property=\"og:site_name\" content=\"Turismo Wheels\" \/>\n<meta property=\"article:publisher\" content=\"https:\/\/www.facebook.com\/turismowheels\" \/>\n<meta property=\"og:image\" content=\"https:\/\/turismo-wheels.com\/wp-content\/uploads\/2024\/05\/TURISMO_FORGED_E500_TR40_BRUSHED-DEEP-BLACK_ANGLE_-1024x1024.png\" \/>\n\t<meta property=\"og:image:width\" content=\"1024\" \/>\n\t<meta property=\"og:image:height\" content=\"1024\" \/>\n\t<meta property=\"og:image:type\" content=\"image\/png\" \/>\n<meta name=\"twitter:card\" content=\"summary_large_image\" \/>\n<meta name=\"twitter:label1\" content=\"Availability\" \/>\n\t<meta name=\"twitter:data1\" content=\"On backorder\" \/>\n<script type=\"application\/ld+json\" class=\"yoast-schema-graph\">{\"@context\":\"https:\\\/\\\/schema.org\",\"@graph\":[{\"@type\":\"WebPage\",\"@id\":\"https:\\\/\\\/turismo-wheels.com\\\/en\\\/prod\\\/turismo-forged-mb01-2\\\/\",\"url\":\"https:\\\/\\\/turismo-wheels.com\\\/en\\\/prod\\\/turismo-forged-mb01-2\\\/\",\"name\":\"Turismo Forged MB01 &#8212; Turismo Wheels\",\"isPartOf\":{\"@id\":\"https:\\\/\\\/turismo-wheels.com\\\/#website\"},\"primaryImageOfPage\":{\"@id\":\"https:\\\/\\\/turismo-wheels.com\\\/en\\\/prod\\\/turismo-forged-mb01-2\\\/#primaryimage\"},\"image\":{\"@id\":\"https:\\\/\\\/turismo-wheels.com\\\/en\\\/prod\\\/turismo-forged-mb01-2\\\/#primaryimage\"},\"thumbnailUrl\":\"https:\\\/\\\/turismo-wheels.com\\\/wp-content\\\/uploads\\\/2024\\\/05\\\/TURISMO_FORGED_E500_TR40_BRUSHED-DEEP-BLACK_ANGLE_.png\",\"datePublished\":\"2024-05-08T12:47:13+00:00\",\"breadcrumb\":{\"@id\":\"https:\\\/\\\/turismo-wheels.com\\\/en\\\/prod\\\/turismo-forged-mb01-2\\\/#breadcrumb\"},\"inLanguage\":\"en-US\",\"potentialAction\":[{\"@type\":\"ReadAction\",\"target\":[\"https:\\\/\\\/turismo-wheels.com\\\/en\\\/prod\\\/turismo-forged-mb01-2\\\/\"]}]},{\"@type\":\"ImageObject\",\"inLanguage\":\"en-US\",\"@id\":\"https:\\\/\\\/turismo-wheels.com\\\/en\\\/prod\\\/turismo-forged-mb01-2\\\/#primaryimage\",\"url\":\"https:\\\/\\\/turismo-wheels.com\\\/wp-content\\\/uploads\\\/2024\\\/05\\\/TURISMO_FORGED_E500_TR40_BRUSHED-DEEP-BLACK_ANGLE_.png\",\"contentUrl\":\"https:\\\/\\\/turismo-wheels.com\\\/wp-content\\\/uploads\\\/2024\\\/05\\\/TURISMO_FORGED_E500_TR40_BRUSHED-DEEP-BLACK_ANGLE_.png\",\"width\":2560,\"height\":2560,\"caption\":\"Turismo Forged Wheels MB01 Brushed Deep Black\"},{\"@type\":\"BreadcrumbList\",\"@id\":\"https:\\\/\\\/turismo-wheels.com\\\/en\\\/prod\\\/turismo-forged-mb01-2\\\/#breadcrumb\",\"itemListElement\":[{\"@type\":\"ListItem\",\"position\":1,\"name\":\"Home\",\"item\":\"https:\\\/\\\/turismo-wheels.com\\\/en\\\/home\\\/\"},{\"@type\":\"ListItem\",\"position\":2,\"name\":\"Shop\",\"item\":\"https:\\\/\\\/turismo-wheels.com\\\/en\\\/shop\\\/\"},{\"@type\":\"ListItem\",\"position\":3,\"name\":\"Turismo Forged MB01\"}]},{\"@type\":\"WebSite\",\"@id\":\"https:\\\/\\\/turismo-wheels.com\\\/#website\",\"url\":\"https:\\\/\\\/turismo-wheels.com\\\/\",\"name\":\"Turismo Wheels\",\"description\":\"Manufacturer of flowform wheels and custom forged aluminum wheels\",\"publisher\":{\"@id\":\"https:\\\/\\\/turismo-wheels.com\\\/#organization\"},\"potentialAction\":[{\"@type\":\"SearchAction\",\"target\":{\"@type\":\"EntryPoint\",\"urlTemplate\":\"https:\\\/\\\/turismo-wheels.com\\\/?s={search_term_string}\"},\"query-input\":{\"@type\":\"PropertyValueSpecification\",\"valueRequired\":true,\"valueName\":\"search_term_string\"}}],\"inLanguage\":\"en-US\"},{\"@type\":\"Organization\",\"@id\":\"https:\\\/\\\/turismo-wheels.com\\\/#organization\",\"name\":\"Turismo Wheels\",\"alternateName\":\"Turismo\",\"url\":\"https:\\\/\\\/turismo-wheels.com\\\/\",\"logo\":{\"@type\":\"ImageObject\",\"inLanguage\":\"en-US\",\"@id\":\"https:\\\/\\\/turismo-wheels.com\\\/#\\\/schema\\\/logo\\\/image\\\/\",\"url\":\"https:\\\/\\\/turismo-wheels.com\\\/wp-content\\\/uploads\\\/2024\\\/03\\\/turismo-logo-rgb-sygnet.png\",\"contentUrl\":\"https:\\\/\\\/turismo-wheels.com\\\/wp-content\\\/uploads\\\/2024\\\/03\\\/turismo-logo-rgb-sygnet.png\",\"width\":512,\"height\":512,\"caption\":\"Turismo Wheels\"},\"image\":{\"@id\":\"https:\\\/\\\/turismo-wheels.com\\\/#\\\/schema\\\/logo\\\/image\\\/\"},\"sameAs\":[\"https:\\\/\\\/www.facebook.com\\\/turismowheels\",\"https:\\\/\\\/www.instagram.com\\\/turismo_wheels\\\/\",\"https:\\\/\\\/www.youtube.com\\\/@turismo_wheels\"],\"description\":\"Producent najwy\u017cszej jako\u015bci felg aluminiowych z kutego aluminium 6061 oraz magnezu do samochod\u00f3w klasy premium.\",\"email\":\"bok@turismo-wheels.com\",\"telephone\":\"+48 798 412 782\",\"legalName\":\"Turismo sp. z o.o.\",\"vatID\":\"PL8943152934\",\"numberOfEmployees\":{\"@type\":\"QuantitativeValue\",\"minValue\":\"1\",\"maxValue\":\"10\"},\"hasMerchantReturnPolicy\":{\"@type\":\"MerchantReturnPolicy\",\"merchantReturnLink\":\"https:\\\/\\\/turismo-wheels.com\\\/polityka-zwrotow\\\/\"}}]}<\/script>\n<meta property=\"og:availability\" content=\"backorder\" \/>\n<meta property=\"product:availability\" content=\"available for order\" \/>\n<meta property=\"product:retailer_item_id\" content=\"CUSTOM-MB01\" \/>\n<meta property=\"product:condition\" content=\"new\" \/>\n<!-- \/ Yoast SEO Premium plugin. -->","yoast_head_json":{"title":"Turismo Forged MB01 &#8212; Turismo Wheels","robots":{"index":"index","follow":"follow","max-snippet":"max-snippet:-1","max-image-preview":"max-image-preview:large","max-video-preview":"max-video-preview:-1"},"canonical":"https:\/\/turismo-wheels.com\/en\/prod\/turismo-forged-mb01-2\/","og_locale":"en_US","og_type":"article","og_title":"Turismo Forged MB01","og_description":"Turismo Forged MB01 is a wheel whose design refers to the classic aesthetics of the Mercedes-Benz brand, while presenting a modern approach to construction and details. Each of its spokes has been designed to optimally distribute forces, which translates into excellent driving properties.","og_url":"https:\/\/turismo-wheels.com\/en\/prod\/turismo-forged-mb01-2\/","og_site_name":"Turismo Wheels","article_publisher":"https:\/\/www.facebook.com\/turismowheels","og_image":[{"width":1024,"height":1024,"url":"https:\/\/turismo-wheels.com\/wp-content\/uploads\/2024\/05\/TURISMO_FORGED_E500_TR40_BRUSHED-DEEP-BLACK_ANGLE_-1024x1024.png","type":"image\/png"}],"twitter_card":"summary_large_image","twitter_misc":{"Availability":"On backorder"},"schema":{"@context":"https:\/\/schema.org","@graph":[{"@type":"WebPage","@id":"https:\/\/turismo-wheels.com\/en\/prod\/turismo-forged-mb01-2\/","url":"https:\/\/turismo-wheels.com\/en\/prod\/turismo-forged-mb01-2\/","name":"Turismo Forged MB01 &#8212; Turismo Wheels","isPartOf":{"@id":"https:\/\/turismo-wheels.com\/#website"},"primaryImageOfPage":{"@id":"https:\/\/turismo-wheels.com\/en\/prod\/turismo-forged-mb01-2\/#primaryimage"},"image":{"@id":"https:\/\/turismo-wheels.com\/en\/prod\/turismo-forged-mb01-2\/#primaryimage"},"thumbnailUrl":"https:\/\/turismo-wheels.com\/wp-content\/uploads\/2024\/05\/TURISMO_FORGED_E500_TR40_BRUSHED-DEEP-BLACK_ANGLE_.png","datePublished":"2024-05-08T12:47:13+00:00","breadcrumb":{"@id":"https:\/\/turismo-wheels.com\/en\/prod\/turismo-forged-mb01-2\/#breadcrumb"},"inLanguage":"en-US","potentialAction":[{"@type":"ReadAction","target":["https:\/\/turismo-wheels.com\/en\/prod\/turismo-forged-mb01-2\/"]}]},{"@type":"ImageObject","inLanguage":"en-US","@id":"https:\/\/turismo-wheels.com\/en\/prod\/turismo-forged-mb01-2\/#primaryimage","url":"https:\/\/turismo-wheels.com\/wp-content\/uploads\/2024\/05\/TURISMO_FORGED_E500_TR40_BRUSHED-DEEP-BLACK_ANGLE_.png","contentUrl":"https:\/\/turismo-wheels.com\/wp-content\/uploads\/2024\/05\/TURISMO_FORGED_E500_TR40_BRUSHED-DEEP-BLACK_ANGLE_.png","width":2560,"height":2560,"caption":"Turismo Forged Wheels MB01 Brushed Deep Black"},{"@type":"BreadcrumbList","@id":"https:\/\/turismo-wheels.com\/en\/prod\/turismo-forged-mb01-2\/#breadcrumb","itemListElement":[{"@type":"ListItem","position":1,"name":"Home","item":"https:\/\/turismo-wheels.com\/en\/home\/"},{"@type":"ListItem","position":2,"name":"Shop","item":"https:\/\/turismo-wheels.com\/en\/shop\/"},{"@type":"ListItem","position":3,"name":"Turismo Forged MB01"}]},{"@type":"WebSite","@id":"https:\/\/turismo-wheels.com\/#website","url":"https:\/\/turismo-wheels.com\/","name":"Turismo Wheels","description":"Manufacturer of flowform wheels and custom forged aluminum wheels","publisher":{"@id":"https:\/\/turismo-wheels.com\/#organization"},"potentialAction":[{"@type":"SearchAction","target":{"@type":"EntryPoint","urlTemplate":"https:\/\/turismo-wheels.com\/?s={search_term_string}"},"query-input":{"@type":"PropertyValueSpecification","valueRequired":true,"valueName":"search_term_string"}}],"inLanguage":"en-US"},{"@type":"Organization","@id":"https:\/\/turismo-wheels.com\/#organization","name":"Turismo Wheels","alternateName":"Turismo","url":"https:\/\/turismo-wheels.com\/","logo":{"@type":"ImageObject","inLanguage":"en-US","@id":"https:\/\/turismo-wheels.com\/#\/schema\/logo\/image\/","url":"https:\/\/turismo-wheels.com\/wp-content\/uploads\/2024\/03\/turismo-logo-rgb-sygnet.png","contentUrl":"https:\/\/turismo-wheels.com\/wp-content\/uploads\/2024\/03\/turismo-logo-rgb-sygnet.png","width":512,"height":512,"caption":"Turismo Wheels"},"image":{"@id":"https:\/\/turismo-wheels.com\/#\/schema\/logo\/image\/"},"sameAs":["https:\/\/www.facebook.com\/turismowheels","https:\/\/www.instagram.com\/turismo_wheels\/","https:\/\/www.youtube.com\/@turismo_wheels"],"description":"Producent najwy\u017cszej jako\u015bci felg aluminiowych z kutego aluminium 6061 oraz magnezu do samochod\u00f3w klasy premium.","email":"bok@turismo-wheels.com","telephone":"+48 798 412 782","legalName":"Turismo sp. z o.o.","vatID":"PL8943152934","numberOfEmployees":{"@type":"QuantitativeValue","minValue":"1","maxValue":"10"},"hasMerchantReturnPolicy":{"@type":"MerchantReturnPolicy","merchantReturnLink":"https:\/\/turismo-wheels.com\/polityka-zwrotow\/"}}]},"og_availability":"backorder","product_availability":"available for order","product_retailer_item_id":"CUSTOM-MB01","product_condition":"new"},"_links":{"self":[{"href":"https:\/\/turismo-wheels.com\/en\/wp-json\/wp\/v2\/product\/6782","targetHints":{"allow":["GET"]}}],"collection":[{"href":"https:\/\/turismo-wheels.com\/en\/wp-json\/wp\/v2\/product"}],"about":[{"href":"https:\/\/turismo-wheels.com\/en\/wp-json\/wp\/v2\/types\/product"}],"wp:featuredmedia":[{"embeddable":true,"href":"https:\/\/turismo-wheels.com\/en\/wp-json\/wp\/v2\/media\/6165"}],"wp:attachment":[{"href":"https:\/\/turismo-wheels.com\/en\/wp-json\/wp\/v2\/media?parent=6782"}],"wp:term":[{"taxonomy":"product_brand","embeddable":true,"href":"https:\/\/turismo-wheels.com\/en\/wp-json\/wp\/v2\/product_brand?post=6782"},{"taxonomy":"product_cat","embeddable":true,"href":"https:\/\/turismo-wheels.com\/en\/wp-json\/wp\/v2\/product_cat?post=6782"},{"taxonomy":"product_tag","embeddable":true,"href":"https:\/\/turismo-wheels.com\/en\/wp-json\/wp\/v2\/product_tag?post=6782"}],"curies":[{"name":"wp","href":"https:\/\/api.w.org\/{rel}","templated":true}]}}