{"id":6691,"date":"2024-01-22T08:35:38","date_gmt":"2024-01-22T07:35:38","guid":{"rendered":"https:\/\/turismo-wheels.com\/prod\/set-of-inventa-ia10-arms-2\/"},"modified":"2024-09-01T00:08:32","modified_gmt":"2024-08-31T22:08:32","slug":"set-of-inventa-ia10-arms-2","status":"publish","type":"product","link":"https:\/\/turismo-wheels.com\/en\/prod\/set-of-inventa-ia10-arms-2\/","title":{"rendered":"Set of Inventa IA10 Arms"},"content":{"rendered":"<p><strong>Set of 10 pcs. of black arms for Turismo INVENTA modular wheels.<\/strong> IA10 arms were designed to give the wheels an original look. By placing them in the space between the spokes of the base wheel, one will obtain a &#8220;snowflake&#8221; pattern.<\/p>\n<p>The IA10 arms are made of high-quality ABS plastic using injection technology. They are available in two different color options &#8211; chrome and gloss black.<\/p>\n<p><strong>The set offered by Turismo is compatible only with the appropriate Turismo INVENTA wheel.<\/strong> The set consisting of 10 arms is a set that allows installation on two wheels. For each set you will receive the necessary mounting screws and elements enabling the installation of accessories on the INVENTA wheel.<\/p>\n","protected":false},"excerpt":{"rendered":"<p><strong>Set of 10 pcs. of black arms for Turismo INVENTA modular wheels.<\/strong> IA10 arms were designed to give the wheels an original look. By placing them in the space between the spokes of the base wheel, one will obtain a &#8220;snowflake&#8221; pattern.<\/p>\n","protected":false},"featured_media":5030,"template":"","meta":{"_acf_changed":false},"product_brand":[],"product_cat":[534],"product_tag":[545,634,637,592,601],"class_list":{"0":"post-6691","1":"product","2":"type-product","3":"status-publish","4":"has-post-thumbnail","6":"product_cat-inventa-en","7":"product_tag-arm-en-3","8":"product_tag-arm-en-2","9":"product_tag-chrome-en","10":"product_tag-ia10-en","11":"product_tag-inventa-en","13":"first","14":"instock","15":"taxable","16":"shipping-taxable","17":"purchasable","18":"product-type-variable","19":"wvs-archive-product-wrapper"},"acf":[],"yoast_head":"<!-- This site is optimized with the Yoast SEO Premium plugin v26.2 (Yoast SEO v26.2) - https:\/\/yoast.com\/wordpress\/plugins\/seo\/ -->\n<title>Set of Inventa IA10 Arms &#8212; Turismo Wheels<\/title>\n<meta name=\"robots\" content=\"index, follow, max-snippet:-1, max-image-preview:large, max-video-preview:-1\" \/>\n<link rel=\"canonical\" href=\"https:\/\/turismo-wheels.com\/en\/prod\/set-of-inventa-ia10-arms-2\/\" \/>\n<meta property=\"og:locale\" content=\"en_US\" \/>\n<meta property=\"og:type\" content=\"article\" \/>\n<meta property=\"og:title\" content=\"Set of Inventa IA10 Arms\" \/>\n<meta property=\"og:description\" content=\"Set of 10 pcs. of black arms for Turismo INVENTA modular wheels. IA10 arms were designed to give the wheels an original look. By placing them in the space between the spokes of the base wheel, one will obtain a &quot;snowflake&quot; pattern.\" \/>\n<meta property=\"og:url\" content=\"https:\/\/turismo-wheels.com\/en\/prod\/set-of-inventa-ia10-arms-2\/\" \/>\n<meta property=\"og:site_name\" content=\"Turismo Wheels\" \/>\n<meta property=\"article:publisher\" content=\"https:\/\/www.facebook.com\/turismowheels\" \/>\n<meta property=\"article:modified_time\" content=\"2024-08-31T22:08:32+00:00\" \/>\n<meta property=\"og:image\" content=\"https:\/\/turismo-wheels.com\/wp-content\/uploads\/2024\/01\/IA10_GlossBlack-1024x1024.png\" \/>\n\t<meta property=\"og:image:width\" content=\"1024\" \/>\n\t<meta property=\"og:image:height\" content=\"1024\" \/>\n\t<meta property=\"og:image:type\" content=\"image\/png\" \/>\n<meta name=\"twitter:card\" content=\"summary_large_image\" \/>\n<meta name=\"twitter:label1\" content=\"Availability\" \/>\n\t<meta name=\"twitter:data1\" content=\"In stock\" \/>\n<script type=\"application\/ld+json\" class=\"yoast-schema-graph\">{\"@context\":\"https:\/\/schema.org\",\"@graph\":[{\"@type\":\"WebPage\",\"@id\":\"https:\/\/turismo-wheels.com\/en\/prod\/set-of-inventa-ia10-arms-2\/\",\"url\":\"https:\/\/turismo-wheels.com\/en\/prod\/set-of-inventa-ia10-arms-2\/\",\"name\":\"Set of Inventa IA10 Arms &#8212; Turismo Wheels\",\"isPartOf\":{\"@id\":\"https:\/\/turismo-wheels.com\/#website\"},\"primaryImageOfPage\":{\"@id\":\"https:\/\/turismo-wheels.com\/en\/prod\/set-of-inventa-ia10-arms-2\/#primaryimage\"},\"image\":{\"@id\":\"https:\/\/turismo-wheels.com\/en\/prod\/set-of-inventa-ia10-arms-2\/#primaryimage\"},\"thumbnailUrl\":\"https:\/\/turismo-wheels.com\/wp-content\/uploads\/2024\/01\/IA10_GlossBlack.png\",\"datePublished\":\"2024-01-22T07:35:38+00:00\",\"dateModified\":\"2024-08-31T22:08:32+00:00\",\"breadcrumb\":{\"@id\":\"https:\/\/turismo-wheels.com\/en\/prod\/set-of-inventa-ia10-arms-2\/#breadcrumb\"},\"inLanguage\":\"en-US\",\"potentialAction\":[{\"@type\":\"ReadAction\",\"target\":[\"https:\/\/turismo-wheels.com\/en\/prod\/set-of-inventa-ia10-arms-2\/\"]}]},{\"@type\":\"ImageObject\",\"inLanguage\":\"en-US\",\"@id\":\"https:\/\/turismo-wheels.com\/en\/prod\/set-of-inventa-ia10-arms-2\/#primaryimage\",\"url\":\"https:\/\/turismo-wheels.com\/wp-content\/uploads\/2024\/01\/IA10_GlossBlack.png\",\"contentUrl\":\"https:\/\/turismo-wheels.com\/wp-content\/uploads\/2024\/01\/IA10_GlossBlack.png\",\"width\":1280,\"height\":1280,\"caption\":\"Inventa IA10 Gloss Black\"},{\"@type\":\"BreadcrumbList\",\"@id\":\"https:\/\/turismo-wheels.com\/en\/prod\/set-of-inventa-ia10-arms-2\/#breadcrumb\",\"itemListElement\":[{\"@type\":\"ListItem\",\"position\":1,\"name\":\"Home\",\"item\":\"https:\/\/turismo-wheels.com\/en\/home\/\"},{\"@type\":\"ListItem\",\"position\":2,\"name\":\"Shop\",\"item\":\"https:\/\/turismo-wheels.com\/en\/shop\/\"},{\"@type\":\"ListItem\",\"position\":3,\"name\":\"Set of Inventa IA10 Arms\"}]},{\"@type\":\"WebSite\",\"@id\":\"https:\/\/turismo-wheels.com\/#website\",\"url\":\"https:\/\/turismo-wheels.com\/\",\"name\":\"Turismo Wheels\",\"description\":\"Manufacturer of flowform wheels and custom forged aluminum wheels\",\"publisher\":{\"@id\":\"https:\/\/turismo-wheels.com\/#organization\"},\"potentialAction\":[{\"@type\":\"SearchAction\",\"target\":{\"@type\":\"EntryPoint\",\"urlTemplate\":\"https:\/\/turismo-wheels.com\/?s={search_term_string}\"},\"query-input\":{\"@type\":\"PropertyValueSpecification\",\"valueRequired\":true,\"valueName\":\"search_term_string\"}}],\"inLanguage\":\"en-US\"},{\"@type\":\"Organization\",\"@id\":\"https:\/\/turismo-wheels.com\/#organization\",\"name\":\"Turismo Wheels\",\"alternateName\":\"Turismo\",\"url\":\"https:\/\/turismo-wheels.com\/\",\"logo\":{\"@type\":\"ImageObject\",\"inLanguage\":\"en-US\",\"@id\":\"https:\/\/turismo-wheels.com\/#\/schema\/logo\/image\/\",\"url\":\"https:\/\/turismo-wheels.com\/wp-content\/uploads\/2024\/03\/turismo-logo-rgb-sygnet.png\",\"contentUrl\":\"https:\/\/turismo-wheels.com\/wp-content\/uploads\/2024\/03\/turismo-logo-rgb-sygnet.png\",\"width\":512,\"height\":512,\"caption\":\"Turismo Wheels\"},\"image\":{\"@id\":\"https:\/\/turismo-wheels.com\/#\/schema\/logo\/image\/\"},\"sameAs\":[\"https:\/\/www.facebook.com\/turismowheels\",\"https:\/\/www.instagram.com\/turismo_wheels\/\",\"https:\/\/www.youtube.com\/@turismo_wheels\"],\"description\":\"Producent najwy\u017cszej jako\u015bci felg aluminiowych z kutego aluminium 6061 oraz magnezu do samochod\u00f3w klasy premium.\",\"email\":\"bok@turismo-wheels.com\",\"telephone\":\"+48 798 412 782\",\"legalName\":\"Turismo sp. z o.o.\",\"vatID\":\"PL8943152934\",\"numberOfEmployees\":{\"@type\":\"QuantitativeValue\",\"minValue\":\"1\",\"maxValue\":\"10\"},\"hasMerchantReturnPolicy\":{\"@type\":\"MerchantReturnPolicy\",\"merchantReturnLink\":\"https:\/\/turismo-wheels.com\/polityka-zwrotow\/\"}}]}<\/script>\n<meta property=\"og:availability\" content=\"instock\" \/>\n<meta property=\"product:availability\" content=\"instock\" \/>\n<meta property=\"product:retailer_item_id\" content=\"IA10GB\" \/>\n<meta property=\"product:condition\" content=\"new\" \/>\n<!-- \/ Yoast SEO Premium plugin. -->","yoast_head_json":{"title":"Set of Inventa IA10 Arms &#8212; Turismo Wheels","robots":{"index":"index","follow":"follow","max-snippet":"max-snippet:-1","max-image-preview":"max-image-preview:large","max-video-preview":"max-video-preview:-1"},"canonical":"https:\/\/turismo-wheels.com\/en\/prod\/set-of-inventa-ia10-arms-2\/","og_locale":"en_US","og_type":"article","og_title":"Set of Inventa IA10 Arms","og_description":"Set of 10 pcs. of black arms for Turismo INVENTA modular wheels. IA10 arms were designed to give the wheels an original look. By placing them in the space between the spokes of the base wheel, one will obtain a \"snowflake\" pattern.","og_url":"https:\/\/turismo-wheels.com\/en\/prod\/set-of-inventa-ia10-arms-2\/","og_site_name":"Turismo Wheels","article_publisher":"https:\/\/www.facebook.com\/turismowheels","article_modified_time":"2024-08-31T22:08:32+00:00","og_image":[{"width":1024,"height":1024,"url":"https:\/\/turismo-wheels.com\/wp-content\/uploads\/2024\/01\/IA10_GlossBlack-1024x1024.png","type":"image\/png"}],"twitter_card":"summary_large_image","twitter_misc":{"Availability":"In stock"},"schema":{"@context":"https:\/\/schema.org","@graph":[{"@type":"WebPage","@id":"https:\/\/turismo-wheels.com\/en\/prod\/set-of-inventa-ia10-arms-2\/","url":"https:\/\/turismo-wheels.com\/en\/prod\/set-of-inventa-ia10-arms-2\/","name":"Set of Inventa IA10 Arms &#8212; Turismo Wheels","isPartOf":{"@id":"https:\/\/turismo-wheels.com\/#website"},"primaryImageOfPage":{"@id":"https:\/\/turismo-wheels.com\/en\/prod\/set-of-inventa-ia10-arms-2\/#primaryimage"},"image":{"@id":"https:\/\/turismo-wheels.com\/en\/prod\/set-of-inventa-ia10-arms-2\/#primaryimage"},"thumbnailUrl":"https:\/\/turismo-wheels.com\/wp-content\/uploads\/2024\/01\/IA10_GlossBlack.png","datePublished":"2024-01-22T07:35:38+00:00","dateModified":"2024-08-31T22:08:32+00:00","breadcrumb":{"@id":"https:\/\/turismo-wheels.com\/en\/prod\/set-of-inventa-ia10-arms-2\/#breadcrumb"},"inLanguage":"en-US","potentialAction":[{"@type":"ReadAction","target":["https:\/\/turismo-wheels.com\/en\/prod\/set-of-inventa-ia10-arms-2\/"]}]},{"@type":"ImageObject","inLanguage":"en-US","@id":"https:\/\/turismo-wheels.com\/en\/prod\/set-of-inventa-ia10-arms-2\/#primaryimage","url":"https:\/\/turismo-wheels.com\/wp-content\/uploads\/2024\/01\/IA10_GlossBlack.png","contentUrl":"https:\/\/turismo-wheels.com\/wp-content\/uploads\/2024\/01\/IA10_GlossBlack.png","width":1280,"height":1280,"caption":"Inventa IA10 Gloss Black"},{"@type":"BreadcrumbList","@id":"https:\/\/turismo-wheels.com\/en\/prod\/set-of-inventa-ia10-arms-2\/#breadcrumb","itemListElement":[{"@type":"ListItem","position":1,"name":"Home","item":"https:\/\/turismo-wheels.com\/en\/home\/"},{"@type":"ListItem","position":2,"name":"Shop","item":"https:\/\/turismo-wheels.com\/en\/shop\/"},{"@type":"ListItem","position":3,"name":"Set of Inventa IA10 Arms"}]},{"@type":"WebSite","@id":"https:\/\/turismo-wheels.com\/#website","url":"https:\/\/turismo-wheels.com\/","name":"Turismo Wheels","description":"Manufacturer of flowform wheels and custom forged aluminum wheels","publisher":{"@id":"https:\/\/turismo-wheels.com\/#organization"},"potentialAction":[{"@type":"SearchAction","target":{"@type":"EntryPoint","urlTemplate":"https:\/\/turismo-wheels.com\/?s={search_term_string}"},"query-input":{"@type":"PropertyValueSpecification","valueRequired":true,"valueName":"search_term_string"}}],"inLanguage":"en-US"},{"@type":"Organization","@id":"https:\/\/turismo-wheels.com\/#organization","name":"Turismo Wheels","alternateName":"Turismo","url":"https:\/\/turismo-wheels.com\/","logo":{"@type":"ImageObject","inLanguage":"en-US","@id":"https:\/\/turismo-wheels.com\/#\/schema\/logo\/image\/","url":"https:\/\/turismo-wheels.com\/wp-content\/uploads\/2024\/03\/turismo-logo-rgb-sygnet.png","contentUrl":"https:\/\/turismo-wheels.com\/wp-content\/uploads\/2024\/03\/turismo-logo-rgb-sygnet.png","width":512,"height":512,"caption":"Turismo Wheels"},"image":{"@id":"https:\/\/turismo-wheels.com\/#\/schema\/logo\/image\/"},"sameAs":["https:\/\/www.facebook.com\/turismowheels","https:\/\/www.instagram.com\/turismo_wheels\/","https:\/\/www.youtube.com\/@turismo_wheels"],"description":"Producent najwy\u017cszej jako\u015bci felg aluminiowych z kutego aluminium 6061 oraz magnezu do samochod\u00f3w klasy premium.","email":"bok@turismo-wheels.com","telephone":"+48 798 412 782","legalName":"Turismo sp. z o.o.","vatID":"PL8943152934","numberOfEmployees":{"@type":"QuantitativeValue","minValue":"1","maxValue":"10"},"hasMerchantReturnPolicy":{"@type":"MerchantReturnPolicy","merchantReturnLink":"https:\/\/turismo-wheels.com\/polityka-zwrotow\/"}}]},"og_availability":"instock","product_availability":"instock","product_retailer_item_id":"IA10GB","product_condition":"new"},"_links":{"self":[{"href":"https:\/\/turismo-wheels.com\/en\/wp-json\/wp\/v2\/product\/6691","targetHints":{"allow":["GET"]}}],"collection":[{"href":"https:\/\/turismo-wheels.com\/en\/wp-json\/wp\/v2\/product"}],"about":[{"href":"https:\/\/turismo-wheels.com\/en\/wp-json\/wp\/v2\/types\/product"}],"wp:featuredmedia":[{"embeddable":true,"href":"https:\/\/turismo-wheels.com\/en\/wp-json\/wp\/v2\/media\/5030"}],"wp:attachment":[{"href":"https:\/\/turismo-wheels.com\/en\/wp-json\/wp\/v2\/media?parent=6691"}],"wp:term":[{"taxonomy":"product_brand","embeddable":true,"href":"https:\/\/turismo-wheels.com\/en\/wp-json\/wp\/v2\/product_brand?post=6691"},{"taxonomy":"product_cat","embeddable":true,"href":"https:\/\/turismo-wheels.com\/en\/wp-json\/wp\/v2\/product_cat?post=6691"},{"taxonomy":"product_tag","embeddable":true,"href":"https:\/\/turismo-wheels.com\/en\/wp-json\/wp\/v2\/product_tag?post=6691"}],"curies":[{"name":"wp","href":"https:\/\/api.w.org\/{rel}","templated":true}]}}