{"id":6676,"date":"2024-01-22T11:58:25","date_gmt":"2024-01-22T10:58:25","guid":{"rendered":"https:\/\/turismo-wheels.com\/prod\/set-of-inventa-ia11-arms\/"},"modified":"2024-09-01T00:07:57","modified_gmt":"2024-08-31T22:07:57","slug":"set-of-inventa-ia11-arms","status":"publish","type":"product","link":"https:\/\/turismo-wheels.com\/en\/prod\/set-of-inventa-ia11-arms\/","title":{"rendered":"Set of Inventa IA11 Arms"},"content":{"rendered":"<p><strong>Set (10 pcs.) of chrome-plated, directional (left-sided) spokes, designed for the Turismo INVENTA modular wheels.<\/strong> The IA11 arm gives the wheels directionality and is available in two color variants &#8211; chrome and gloss black.<\/p>\n<p>The accessories are made of the highest quality ABS material. The set is only compatible with the Turismo INVENTA wheels. The kit includes the elements necessary for assembly.<\/p>\n","protected":false},"excerpt":{"rendered":"<p><strong>Set (10 pcs.) of chrome-plated, directional (left-sided) spokes, designed for the Turismo INVENTA modular wheels.<\/strong> The IA11 arm gives the wheels directionality and is available in two color variants &#8211; chrome and gloss black.<\/p>\n","protected":false},"featured_media":5039,"template":"","meta":{"_acf_changed":false},"product_brand":[],"product_cat":[534],"product_tag":[634,637,592,601],"class_list":{"0":"post-6676","1":"product","2":"type-product","3":"status-publish","4":"has-post-thumbnail","6":"product_cat-inventa-en","7":"product_tag-arm-en-2","8":"product_tag-chrome-en","9":"product_tag-ia10-en","10":"product_tag-inventa-en","12":"first","13":"instock","14":"taxable","15":"shipping-taxable","16":"purchasable","17":"product-type-simple"},"acf":[],"yoast_head":"<!-- This site is optimized with the Yoast SEO Premium plugin v26.2 (Yoast SEO v26.2) - https:\/\/yoast.com\/wordpress\/plugins\/seo\/ -->\n<title>Set of Inventa IA11 Arms &#8212; Turismo Wheels<\/title>\n<meta name=\"robots\" content=\"index, follow, max-snippet:-1, max-image-preview:large, max-video-preview:-1\" \/>\n<link rel=\"canonical\" href=\"https:\/\/turismo-wheels.com\/en\/prod\/set-of-inventa-ia11-arms\/\" \/>\n<meta property=\"og:locale\" content=\"en_US\" \/>\n<meta property=\"og:type\" content=\"article\" \/>\n<meta property=\"og:title\" content=\"Set of Inventa IA11 Arms\" \/>\n<meta property=\"og:description\" content=\"Set (10 pcs.) of chrome-plated, directional (left-sided) spokes, designed for the Turismo INVENTA modular wheels. The IA11 arm gives the wheels directionality and is available in two color variants - chrome and gloss black.\" \/>\n<meta property=\"og:url\" content=\"https:\/\/turismo-wheels.com\/en\/prod\/set-of-inventa-ia11-arms\/\" \/>\n<meta property=\"og:site_name\" content=\"Turismo Wheels\" \/>\n<meta property=\"article:publisher\" content=\"https:\/\/www.facebook.com\/turismowheels\" \/>\n<meta property=\"article:modified_time\" content=\"2024-08-31T22:07:57+00:00\" \/>\n<meta property=\"og:image\" content=\"https:\/\/turismo-wheels.com\/wp-content\/uploads\/2024\/01\/IA11_left_Chrome.png\" \/>\n\t<meta property=\"og:image:width\" content=\"1280\" \/>\n\t<meta property=\"og:image:height\" content=\"1280\" \/>\n\t<meta property=\"og:image:type\" content=\"image\/png\" \/>\n<meta name=\"twitter:card\" content=\"summary_large_image\" \/>\n<meta name=\"twitter:label1\" content=\"Price\" \/>\n\t<meta name=\"twitter:data1\" content=\"700,00&nbsp;&#122;&#322;\" \/>\n\t<meta name=\"twitter:label2\" content=\"Availability\" \/>\n\t<meta name=\"twitter:data2\" content=\"In stock\" \/>\n<script type=\"application\/ld+json\" class=\"yoast-schema-graph\">{\"@context\":\"https:\/\/schema.org\",\"@graph\":[{\"@type\":\"WebPage\",\"@id\":\"https:\/\/turismo-wheels.com\/en\/prod\/set-of-inventa-ia11-arms\/\",\"url\":\"https:\/\/turismo-wheels.com\/en\/prod\/set-of-inventa-ia11-arms\/\",\"name\":\"Set of Inventa IA11 Arms &#8212; Turismo Wheels\",\"isPartOf\":{\"@id\":\"https:\/\/turismo-wheels.com\/#website\"},\"primaryImageOfPage\":{\"@id\":\"https:\/\/turismo-wheels.com\/en\/prod\/set-of-inventa-ia11-arms\/#primaryimage\"},\"image\":{\"@id\":\"https:\/\/turismo-wheels.com\/en\/prod\/set-of-inventa-ia11-arms\/#primaryimage\"},\"thumbnailUrl\":\"https:\/\/turismo-wheels.com\/wp-content\/uploads\/2024\/01\/IA11_left_Chrome.png\",\"datePublished\":\"2024-01-22T10:58:25+00:00\",\"dateModified\":\"2024-08-31T22:07:57+00:00\",\"breadcrumb\":{\"@id\":\"https:\/\/turismo-wheels.com\/en\/prod\/set-of-inventa-ia11-arms\/#breadcrumb\"},\"inLanguage\":\"en-US\",\"potentialAction\":[{\"@type\":\"ReadAction\",\"target\":[\"https:\/\/turismo-wheels.com\/en\/prod\/set-of-inventa-ia11-arms\/\"]}]},{\"@type\":\"ImageObject\",\"inLanguage\":\"en-US\",\"@id\":\"https:\/\/turismo-wheels.com\/en\/prod\/set-of-inventa-ia11-arms\/#primaryimage\",\"url\":\"https:\/\/turismo-wheels.com\/wp-content\/uploads\/2024\/01\/IA11_left_Chrome.png\",\"contentUrl\":\"https:\/\/turismo-wheels.com\/wp-content\/uploads\/2024\/01\/IA11_left_Chrome.png\",\"width\":1280,\"height\":1280,\"caption\":\"Inventa IA11 left Chrome\"},{\"@type\":\"BreadcrumbList\",\"@id\":\"https:\/\/turismo-wheels.com\/en\/prod\/set-of-inventa-ia11-arms\/#breadcrumb\",\"itemListElement\":[{\"@type\":\"ListItem\",\"position\":1,\"name\":\"Home\",\"item\":\"https:\/\/turismo-wheels.com\/en\/home\/\"},{\"@type\":\"ListItem\",\"position\":2,\"name\":\"Shop\",\"item\":\"https:\/\/turismo-wheels.com\/en\/shop\/\"},{\"@type\":\"ListItem\",\"position\":3,\"name\":\"Set of Inventa IA11 Arms\"}]},{\"@type\":\"WebSite\",\"@id\":\"https:\/\/turismo-wheels.com\/#website\",\"url\":\"https:\/\/turismo-wheels.com\/\",\"name\":\"Turismo Wheels\",\"description\":\"Manufacturer of flowform wheels and custom forged aluminum wheels\",\"publisher\":{\"@id\":\"https:\/\/turismo-wheels.com\/#organization\"},\"potentialAction\":[{\"@type\":\"SearchAction\",\"target\":{\"@type\":\"EntryPoint\",\"urlTemplate\":\"https:\/\/turismo-wheels.com\/?s={search_term_string}\"},\"query-input\":{\"@type\":\"PropertyValueSpecification\",\"valueRequired\":true,\"valueName\":\"search_term_string\"}}],\"inLanguage\":\"en-US\"},{\"@type\":\"Organization\",\"@id\":\"https:\/\/turismo-wheels.com\/#organization\",\"name\":\"Turismo Wheels\",\"alternateName\":\"Turismo\",\"url\":\"https:\/\/turismo-wheels.com\/\",\"logo\":{\"@type\":\"ImageObject\",\"inLanguage\":\"en-US\",\"@id\":\"https:\/\/turismo-wheels.com\/#\/schema\/logo\/image\/\",\"url\":\"https:\/\/turismo-wheels.com\/wp-content\/uploads\/2024\/03\/turismo-logo-rgb-sygnet.png\",\"contentUrl\":\"https:\/\/turismo-wheels.com\/wp-content\/uploads\/2024\/03\/turismo-logo-rgb-sygnet.png\",\"width\":512,\"height\":512,\"caption\":\"Turismo Wheels\"},\"image\":{\"@id\":\"https:\/\/turismo-wheels.com\/#\/schema\/logo\/image\/\"},\"sameAs\":[\"https:\/\/www.facebook.com\/turismowheels\",\"https:\/\/www.instagram.com\/turismo_wheels\/\",\"https:\/\/www.youtube.com\/@turismo_wheels\"],\"description\":\"Producent najwy\u017cszej jako\u015bci felg aluminiowych z kutego aluminium 6061 oraz magnezu do samochod\u00f3w klasy premium.\",\"email\":\"bok@turismo-wheels.com\",\"telephone\":\"+48 798 412 782\",\"legalName\":\"Turismo sp. z o.o.\",\"vatID\":\"PL8943152934\",\"numberOfEmployees\":{\"@type\":\"QuantitativeValue\",\"minValue\":\"1\",\"maxValue\":\"10\"},\"hasMerchantReturnPolicy\":{\"@type\":\"MerchantReturnPolicy\",\"merchantReturnLink\":\"https:\/\/turismo-wheels.com\/polityka-zwrotow\/\"}}]}<\/script>\n<meta property=\"product:price:amount\" content=\"700.00\" \/>\n<meta property=\"product:price:currency\" content=\"PLN\" \/>\n<meta property=\"og:availability\" content=\"instock\" \/>\n<meta property=\"product:availability\" content=\"instock\" \/>\n<meta property=\"product:retailer_item_id\" content=\"SET10_IA11_ALL_LEFT\/CH\" \/>\n<meta property=\"product:condition\" content=\"new\" \/>\n<!-- \/ Yoast SEO Premium plugin. -->","yoast_head_json":{"title":"Set of Inventa IA11 Arms &#8212; Turismo Wheels","robots":{"index":"index","follow":"follow","max-snippet":"max-snippet:-1","max-image-preview":"max-image-preview:large","max-video-preview":"max-video-preview:-1"},"canonical":"https:\/\/turismo-wheels.com\/en\/prod\/set-of-inventa-ia11-arms\/","og_locale":"en_US","og_type":"article","og_title":"Set of Inventa IA11 Arms","og_description":"Set (10 pcs.) of chrome-plated, directional (left-sided) spokes, designed for the Turismo INVENTA modular wheels. The IA11 arm gives the wheels directionality and is available in two color variants - chrome and gloss black.","og_url":"https:\/\/turismo-wheels.com\/en\/prod\/set-of-inventa-ia11-arms\/","og_site_name":"Turismo Wheels","article_publisher":"https:\/\/www.facebook.com\/turismowheels","article_modified_time":"2024-08-31T22:07:57+00:00","og_image":[{"width":1280,"height":1280,"url":"https:\/\/turismo-wheels.com\/wp-content\/uploads\/2024\/01\/IA11_left_Chrome.png","type":"image\/png"}],"twitter_card":"summary_large_image","twitter_misc":{"Price":"700,00&nbsp;&#122;&#322;","Availability":"In stock"},"schema":{"@context":"https:\/\/schema.org","@graph":[{"@type":"WebPage","@id":"https:\/\/turismo-wheels.com\/en\/prod\/set-of-inventa-ia11-arms\/","url":"https:\/\/turismo-wheels.com\/en\/prod\/set-of-inventa-ia11-arms\/","name":"Set of Inventa IA11 Arms &#8212; Turismo Wheels","isPartOf":{"@id":"https:\/\/turismo-wheels.com\/#website"},"primaryImageOfPage":{"@id":"https:\/\/turismo-wheels.com\/en\/prod\/set-of-inventa-ia11-arms\/#primaryimage"},"image":{"@id":"https:\/\/turismo-wheels.com\/en\/prod\/set-of-inventa-ia11-arms\/#primaryimage"},"thumbnailUrl":"https:\/\/turismo-wheels.com\/wp-content\/uploads\/2024\/01\/IA11_left_Chrome.png","datePublished":"2024-01-22T10:58:25+00:00","dateModified":"2024-08-31T22:07:57+00:00","breadcrumb":{"@id":"https:\/\/turismo-wheels.com\/en\/prod\/set-of-inventa-ia11-arms\/#breadcrumb"},"inLanguage":"en-US","potentialAction":[{"@type":"ReadAction","target":["https:\/\/turismo-wheels.com\/en\/prod\/set-of-inventa-ia11-arms\/"]}]},{"@type":"ImageObject","inLanguage":"en-US","@id":"https:\/\/turismo-wheels.com\/en\/prod\/set-of-inventa-ia11-arms\/#primaryimage","url":"https:\/\/turismo-wheels.com\/wp-content\/uploads\/2024\/01\/IA11_left_Chrome.png","contentUrl":"https:\/\/turismo-wheels.com\/wp-content\/uploads\/2024\/01\/IA11_left_Chrome.png","width":1280,"height":1280,"caption":"Inventa IA11 left Chrome"},{"@type":"BreadcrumbList","@id":"https:\/\/turismo-wheels.com\/en\/prod\/set-of-inventa-ia11-arms\/#breadcrumb","itemListElement":[{"@type":"ListItem","position":1,"name":"Home","item":"https:\/\/turismo-wheels.com\/en\/home\/"},{"@type":"ListItem","position":2,"name":"Shop","item":"https:\/\/turismo-wheels.com\/en\/shop\/"},{"@type":"ListItem","position":3,"name":"Set of Inventa IA11 Arms"}]},{"@type":"WebSite","@id":"https:\/\/turismo-wheels.com\/#website","url":"https:\/\/turismo-wheels.com\/","name":"Turismo Wheels","description":"Manufacturer of flowform wheels and custom forged aluminum wheels","publisher":{"@id":"https:\/\/turismo-wheels.com\/#organization"},"potentialAction":[{"@type":"SearchAction","target":{"@type":"EntryPoint","urlTemplate":"https:\/\/turismo-wheels.com\/?s={search_term_string}"},"query-input":{"@type":"PropertyValueSpecification","valueRequired":true,"valueName":"search_term_string"}}],"inLanguage":"en-US"},{"@type":"Organization","@id":"https:\/\/turismo-wheels.com\/#organization","name":"Turismo Wheels","alternateName":"Turismo","url":"https:\/\/turismo-wheels.com\/","logo":{"@type":"ImageObject","inLanguage":"en-US","@id":"https:\/\/turismo-wheels.com\/#\/schema\/logo\/image\/","url":"https:\/\/turismo-wheels.com\/wp-content\/uploads\/2024\/03\/turismo-logo-rgb-sygnet.png","contentUrl":"https:\/\/turismo-wheels.com\/wp-content\/uploads\/2024\/03\/turismo-logo-rgb-sygnet.png","width":512,"height":512,"caption":"Turismo Wheels"},"image":{"@id":"https:\/\/turismo-wheels.com\/#\/schema\/logo\/image\/"},"sameAs":["https:\/\/www.facebook.com\/turismowheels","https:\/\/www.instagram.com\/turismo_wheels\/","https:\/\/www.youtube.com\/@turismo_wheels"],"description":"Producent najwy\u017cszej jako\u015bci felg aluminiowych z kutego aluminium 6061 oraz magnezu do samochod\u00f3w klasy premium.","email":"bok@turismo-wheels.com","telephone":"+48 798 412 782","legalName":"Turismo sp. z o.o.","vatID":"PL8943152934","numberOfEmployees":{"@type":"QuantitativeValue","minValue":"1","maxValue":"10"},"hasMerchantReturnPolicy":{"@type":"MerchantReturnPolicy","merchantReturnLink":"https:\/\/turismo-wheels.com\/polityka-zwrotow\/"}}]},"product_price_amount":"700.00","product_price_currency":"PLN","og_availability":"instock","product_availability":"instock","product_retailer_item_id":"SET10_IA11_ALL_LEFT\/CH","product_condition":"new"},"_links":{"self":[{"href":"https:\/\/turismo-wheels.com\/en\/wp-json\/wp\/v2\/product\/6676","targetHints":{"allow":["GET"]}}],"collection":[{"href":"https:\/\/turismo-wheels.com\/en\/wp-json\/wp\/v2\/product"}],"about":[{"href":"https:\/\/turismo-wheels.com\/en\/wp-json\/wp\/v2\/types\/product"}],"wp:featuredmedia":[{"embeddable":true,"href":"https:\/\/turismo-wheels.com\/en\/wp-json\/wp\/v2\/media\/5039"}],"wp:attachment":[{"href":"https:\/\/turismo-wheels.com\/en\/wp-json\/wp\/v2\/media?parent=6676"}],"wp:term":[{"taxonomy":"product_brand","embeddable":true,"href":"https:\/\/turismo-wheels.com\/en\/wp-json\/wp\/v2\/product_brand?post=6676"},{"taxonomy":"product_cat","embeddable":true,"href":"https:\/\/turismo-wheels.com\/en\/wp-json\/wp\/v2\/product_cat?post=6676"},{"taxonomy":"product_tag","embeddable":true,"href":"https:\/\/turismo-wheels.com\/en\/wp-json\/wp\/v2\/product_tag?post=6676"}],"curies":[{"name":"wp","href":"https:\/\/api.w.org\/{rel}","templated":true}]}}