{"id":6613,"date":"2024-03-13T12:21:39","date_gmt":"2024-03-13T11:21:39","guid":{"rendered":"https:\/\/turismo-wheels.com\/prod\/inventa-silver-machined-2-pcs\/"},"modified":"2024-09-01T00:08:31","modified_gmt":"2024-08-31T22:08:31","slug":"inventa-silver-machined-2-pcs","status":"publish","type":"product","link":"https:\/\/turismo-wheels.com\/en\/prod\/inventa-silver-machined-2-pcs\/","title":{"rendered":"INVENTA Silver Machined (2 pcs.)"},"content":{"rendered":"<p><strong>Turismo INVENTA in Silver Machined finish<\/strong> is the world&#8217;s first modular flowform wheel. INVENTA is the latest proposition for all people who value precision and high quality of workmanship, combined with a reasonable price and the possibility of personalizing the wheel.<\/p>\n<p>What makes INVENTA rims stand out from the competition is the system of replaceable accessories (arms and inserts &#8211; <a href=\"https:\/\/turismo-wheels.com\/en\/pc\/inventa-en\/\">to be purchased separately<\/a>), with which you can change the appearance of your wheel &#8211; without technical knowledge or the need to visit the workshop!<\/p>\n<p>INVENTA wheels are manufactured using flowforming technology, which guarantees low weight, increased durability and the highest quality aesthetics. The main advantages of this technology are <strong>reducing the weight of the rim while increasing durability<\/strong>, which translates into improved car performance.<\/p>\n<p>The INVENTA set consists of a lightweight base wheel and replaceable spokes and inserts, allowing you to create new wheel designs with ease and flexibility. The unique INVENTA system allows you to dynamically change the appearance of your car, saving both time and money.<\/p>\n<p><span style=\"text-decoration: underline;\"><strong>The given price is for 2 pcs. of INVENTA wheels!<\/strong><\/span><\/p>\n","protected":false},"excerpt":{"rendered":"<p><strong>Turismo INVENTA in Silver Machined finish<\/strong> is the world&#8217;s first modular flowform wheel. INVENTA is the latest proposition for all people who value precision and high quality of workmanship, combined with a reasonable price and the possibility of personalizing the wheel.<\/p>\n","protected":false},"featured_media":5945,"template":"","meta":{"_acf_changed":false},"product_brand":[],"product_cat":[534],"product_tag":[641,601,609,540],"class_list":{"0":"post-6613","1":"product","2":"type-product","3":"status-publish","4":"has-post-thumbnail","6":"product_cat-inventa-en","7":"product_tag-in-stock","8":"product_tag-inventa-en","9":"product_tag-matte-black-en","10":"product_tag-turismo-en","11":"product_shipping_class-medium-en","13":"first","14":"instock","15":"taxable","16":"shipping-taxable","17":"purchasable","18":"product-type-variable","19":"wvs-archive-product-wrapper"},"acf":[],"yoast_head":"<!-- This site is optimized with the Yoast SEO Premium plugin v26.2 (Yoast SEO v26.2) - https:\/\/yoast.com\/wordpress\/plugins\/seo\/ -->\n<title>INVENTA Silver Machined (2 pcs.) &#8212; Turismo Wheels<\/title>\n<meta name=\"robots\" content=\"index, follow, max-snippet:-1, max-image-preview:large, max-video-preview:-1\" \/>\n<link rel=\"canonical\" href=\"https:\/\/turismo-wheels.com\/en\/prod\/inventa-silver-machined-2-pcs\/\" \/>\n<meta property=\"og:locale\" content=\"en_US\" \/>\n<meta property=\"og:type\" content=\"article\" \/>\n<meta property=\"og:title\" content=\"INVENTA Silver Machined (2 pcs.)\" \/>\n<meta property=\"og:description\" content=\"Turismo INVENTA in Silver Machined finish is the world&#039;s first modular flowform wheel. INVENTA is the latest proposition for all people who value precision and high quality of workmanship, combined with a reasonable price and the possibility of personalizing the wheel.\" \/>\n<meta property=\"og:url\" content=\"https:\/\/turismo-wheels.com\/en\/prod\/inventa-silver-machined-2-pcs\/\" \/>\n<meta property=\"og:site_name\" content=\"Turismo Wheels\" \/>\n<meta property=\"article:publisher\" content=\"https:\/\/www.facebook.com\/turismowheels\" \/>\n<meta property=\"article:modified_time\" content=\"2024-08-31T22:08:31+00:00\" \/>\n<meta property=\"og:image\" content=\"https:\/\/turismo-wheels.com\/wp-content\/uploads\/2024\/03\/TURISMO-INVENTA-MACHINED-SILVER_01-1024x1024.png\" \/>\n\t<meta property=\"og:image:width\" content=\"1024\" \/>\n\t<meta property=\"og:image:height\" content=\"1024\" \/>\n\t<meta property=\"og:image:type\" content=\"image\/png\" \/>\n<meta name=\"twitter:card\" content=\"summary_large_image\" \/>\n<meta name=\"twitter:label1\" content=\"Availability\" \/>\n\t<meta name=\"twitter:data1\" content=\"In stock\" \/>\n<script type=\"application\/ld+json\" class=\"yoast-schema-graph\">{\"@context\":\"https:\/\/schema.org\",\"@graph\":[{\"@type\":\"WebPage\",\"@id\":\"https:\/\/turismo-wheels.com\/en\/prod\/inventa-silver-machined-2-pcs\/\",\"url\":\"https:\/\/turismo-wheels.com\/en\/prod\/inventa-silver-machined-2-pcs\/\",\"name\":\"INVENTA Silver Machined (2 pcs.) &#8212; Turismo Wheels\",\"isPartOf\":{\"@id\":\"https:\/\/turismo-wheels.com\/#website\"},\"primaryImageOfPage\":{\"@id\":\"https:\/\/turismo-wheels.com\/en\/prod\/inventa-silver-machined-2-pcs\/#primaryimage\"},\"image\":{\"@id\":\"https:\/\/turismo-wheels.com\/en\/prod\/inventa-silver-machined-2-pcs\/#primaryimage\"},\"thumbnailUrl\":\"https:\/\/turismo-wheels.com\/wp-content\/uploads\/2024\/03\/TURISMO-INVENTA-MACHINED-SILVER_01.png\",\"datePublished\":\"2024-03-13T11:21:39+00:00\",\"dateModified\":\"2024-08-31T22:08:31+00:00\",\"breadcrumb\":{\"@id\":\"https:\/\/turismo-wheels.com\/en\/prod\/inventa-silver-machined-2-pcs\/#breadcrumb\"},\"inLanguage\":\"en-US\",\"potentialAction\":[{\"@type\":\"ReadAction\",\"target\":[\"https:\/\/turismo-wheels.com\/en\/prod\/inventa-silver-machined-2-pcs\/\"]}]},{\"@type\":\"ImageObject\",\"inLanguage\":\"en-US\",\"@id\":\"https:\/\/turismo-wheels.com\/en\/prod\/inventa-silver-machined-2-pcs\/#primaryimage\",\"url\":\"https:\/\/turismo-wheels.com\/wp-content\/uploads\/2024\/03\/TURISMO-INVENTA-MACHINED-SILVER_01.png\",\"contentUrl\":\"https:\/\/turismo-wheels.com\/wp-content\/uploads\/2024\/03\/TURISMO-INVENTA-MACHINED-SILVER_01.png\",\"width\":2560,\"height\":2560,\"caption\":\"INVENTA Silver Machined\"},{\"@type\":\"BreadcrumbList\",\"@id\":\"https:\/\/turismo-wheels.com\/en\/prod\/inventa-silver-machined-2-pcs\/#breadcrumb\",\"itemListElement\":[{\"@type\":\"ListItem\",\"position\":1,\"name\":\"Home\",\"item\":\"https:\/\/turismo-wheels.com\/en\/home\/\"},{\"@type\":\"ListItem\",\"position\":2,\"name\":\"Shop\",\"item\":\"https:\/\/turismo-wheels.com\/en\/shop\/\"},{\"@type\":\"ListItem\",\"position\":3,\"name\":\"INVENTA Silver Machined (2 pcs.)\"}]},{\"@type\":\"WebSite\",\"@id\":\"https:\/\/turismo-wheels.com\/#website\",\"url\":\"https:\/\/turismo-wheels.com\/\",\"name\":\"Turismo Wheels\",\"description\":\"Manufacturer of flowform wheels and custom forged aluminum wheels\",\"publisher\":{\"@id\":\"https:\/\/turismo-wheels.com\/#organization\"},\"potentialAction\":[{\"@type\":\"SearchAction\",\"target\":{\"@type\":\"EntryPoint\",\"urlTemplate\":\"https:\/\/turismo-wheels.com\/?s={search_term_string}\"},\"query-input\":{\"@type\":\"PropertyValueSpecification\",\"valueRequired\":true,\"valueName\":\"search_term_string\"}}],\"inLanguage\":\"en-US\"},{\"@type\":\"Organization\",\"@id\":\"https:\/\/turismo-wheels.com\/#organization\",\"name\":\"Turismo Wheels\",\"alternateName\":\"Turismo\",\"url\":\"https:\/\/turismo-wheels.com\/\",\"logo\":{\"@type\":\"ImageObject\",\"inLanguage\":\"en-US\",\"@id\":\"https:\/\/turismo-wheels.com\/#\/schema\/logo\/image\/\",\"url\":\"https:\/\/turismo-wheels.com\/wp-content\/uploads\/2024\/03\/turismo-logo-rgb-sygnet.png\",\"contentUrl\":\"https:\/\/turismo-wheels.com\/wp-content\/uploads\/2024\/03\/turismo-logo-rgb-sygnet.png\",\"width\":512,\"height\":512,\"caption\":\"Turismo Wheels\"},\"image\":{\"@id\":\"https:\/\/turismo-wheels.com\/#\/schema\/logo\/image\/\"},\"sameAs\":[\"https:\/\/www.facebook.com\/turismowheels\",\"https:\/\/www.instagram.com\/turismo_wheels\/\",\"https:\/\/www.youtube.com\/@turismo_wheels\"],\"description\":\"Producent najwy\u017cszej jako\u015bci felg aluminiowych z kutego aluminium 6061 oraz magnezu do samochod\u00f3w klasy premium.\",\"email\":\"bok@turismo-wheels.com\",\"telephone\":\"+48 798 412 782\",\"legalName\":\"Turismo sp. z o.o.\",\"vatID\":\"PL8943152934\",\"numberOfEmployees\":{\"@type\":\"QuantitativeValue\",\"minValue\":\"1\",\"maxValue\":\"10\"},\"hasMerchantReturnPolicy\":{\"@type\":\"MerchantReturnPolicy\",\"merchantReturnLink\":\"https:\/\/turismo-wheels.com\/polityka-zwrotow\/\"}}]}<\/script>\n<meta property=\"product:brand\" content=\"Turismo\" \/>\n<meta property=\"og:availability\" content=\"instock\" \/>\n<meta property=\"product:availability\" content=\"instock\" \/>\n<meta property=\"product:retailer_item_id\" content=\"INVENTA_SM\" \/>\n<meta property=\"product:condition\" content=\"new\" \/>\n<!-- \/ Yoast SEO Premium plugin. -->","yoast_head_json":{"title":"INVENTA Silver Machined (2 pcs.) &#8212; Turismo Wheels","robots":{"index":"index","follow":"follow","max-snippet":"max-snippet:-1","max-image-preview":"max-image-preview:large","max-video-preview":"max-video-preview:-1"},"canonical":"https:\/\/turismo-wheels.com\/en\/prod\/inventa-silver-machined-2-pcs\/","og_locale":"en_US","og_type":"article","og_title":"INVENTA Silver Machined (2 pcs.)","og_description":"Turismo INVENTA in Silver Machined finish is the world's first modular flowform wheel. INVENTA is the latest proposition for all people who value precision and high quality of workmanship, combined with a reasonable price and the possibility of personalizing the wheel.","og_url":"https:\/\/turismo-wheels.com\/en\/prod\/inventa-silver-machined-2-pcs\/","og_site_name":"Turismo Wheels","article_publisher":"https:\/\/www.facebook.com\/turismowheels","article_modified_time":"2024-08-31T22:08:31+00:00","og_image":[{"width":1024,"height":1024,"url":"https:\/\/turismo-wheels.com\/wp-content\/uploads\/2024\/03\/TURISMO-INVENTA-MACHINED-SILVER_01-1024x1024.png","type":"image\/png"}],"twitter_card":"summary_large_image","twitter_misc":{"Availability":"In stock"},"schema":{"@context":"https:\/\/schema.org","@graph":[{"@type":"WebPage","@id":"https:\/\/turismo-wheels.com\/en\/prod\/inventa-silver-machined-2-pcs\/","url":"https:\/\/turismo-wheels.com\/en\/prod\/inventa-silver-machined-2-pcs\/","name":"INVENTA Silver Machined (2 pcs.) &#8212; Turismo Wheels","isPartOf":{"@id":"https:\/\/turismo-wheels.com\/#website"},"primaryImageOfPage":{"@id":"https:\/\/turismo-wheels.com\/en\/prod\/inventa-silver-machined-2-pcs\/#primaryimage"},"image":{"@id":"https:\/\/turismo-wheels.com\/en\/prod\/inventa-silver-machined-2-pcs\/#primaryimage"},"thumbnailUrl":"https:\/\/turismo-wheels.com\/wp-content\/uploads\/2024\/03\/TURISMO-INVENTA-MACHINED-SILVER_01.png","datePublished":"2024-03-13T11:21:39+00:00","dateModified":"2024-08-31T22:08:31+00:00","breadcrumb":{"@id":"https:\/\/turismo-wheels.com\/en\/prod\/inventa-silver-machined-2-pcs\/#breadcrumb"},"inLanguage":"en-US","potentialAction":[{"@type":"ReadAction","target":["https:\/\/turismo-wheels.com\/en\/prod\/inventa-silver-machined-2-pcs\/"]}]},{"@type":"ImageObject","inLanguage":"en-US","@id":"https:\/\/turismo-wheels.com\/en\/prod\/inventa-silver-machined-2-pcs\/#primaryimage","url":"https:\/\/turismo-wheels.com\/wp-content\/uploads\/2024\/03\/TURISMO-INVENTA-MACHINED-SILVER_01.png","contentUrl":"https:\/\/turismo-wheels.com\/wp-content\/uploads\/2024\/03\/TURISMO-INVENTA-MACHINED-SILVER_01.png","width":2560,"height":2560,"caption":"INVENTA Silver Machined"},{"@type":"BreadcrumbList","@id":"https:\/\/turismo-wheels.com\/en\/prod\/inventa-silver-machined-2-pcs\/#breadcrumb","itemListElement":[{"@type":"ListItem","position":1,"name":"Home","item":"https:\/\/turismo-wheels.com\/en\/home\/"},{"@type":"ListItem","position":2,"name":"Shop","item":"https:\/\/turismo-wheels.com\/en\/shop\/"},{"@type":"ListItem","position":3,"name":"INVENTA Silver Machined (2 pcs.)"}]},{"@type":"WebSite","@id":"https:\/\/turismo-wheels.com\/#website","url":"https:\/\/turismo-wheels.com\/","name":"Turismo Wheels","description":"Manufacturer of flowform wheels and custom forged aluminum wheels","publisher":{"@id":"https:\/\/turismo-wheels.com\/#organization"},"potentialAction":[{"@type":"SearchAction","target":{"@type":"EntryPoint","urlTemplate":"https:\/\/turismo-wheels.com\/?s={search_term_string}"},"query-input":{"@type":"PropertyValueSpecification","valueRequired":true,"valueName":"search_term_string"}}],"inLanguage":"en-US"},{"@type":"Organization","@id":"https:\/\/turismo-wheels.com\/#organization","name":"Turismo Wheels","alternateName":"Turismo","url":"https:\/\/turismo-wheels.com\/","logo":{"@type":"ImageObject","inLanguage":"en-US","@id":"https:\/\/turismo-wheels.com\/#\/schema\/logo\/image\/","url":"https:\/\/turismo-wheels.com\/wp-content\/uploads\/2024\/03\/turismo-logo-rgb-sygnet.png","contentUrl":"https:\/\/turismo-wheels.com\/wp-content\/uploads\/2024\/03\/turismo-logo-rgb-sygnet.png","width":512,"height":512,"caption":"Turismo Wheels"},"image":{"@id":"https:\/\/turismo-wheels.com\/#\/schema\/logo\/image\/"},"sameAs":["https:\/\/www.facebook.com\/turismowheels","https:\/\/www.instagram.com\/turismo_wheels\/","https:\/\/www.youtube.com\/@turismo_wheels"],"description":"Producent najwy\u017cszej jako\u015bci felg aluminiowych z kutego aluminium 6061 oraz magnezu do samochod\u00f3w klasy premium.","email":"bok@turismo-wheels.com","telephone":"+48 798 412 782","legalName":"Turismo sp. z o.o.","vatID":"PL8943152934","numberOfEmployees":{"@type":"QuantitativeValue","minValue":"1","maxValue":"10"},"hasMerchantReturnPolicy":{"@type":"MerchantReturnPolicy","merchantReturnLink":"https:\/\/turismo-wheels.com\/polityka-zwrotow\/"}}]},"product_brand":"Turismo","og_availability":"instock","product_availability":"instock","product_retailer_item_id":"INVENTA_SM","product_condition":"new"},"_links":{"self":[{"href":"https:\/\/turismo-wheels.com\/en\/wp-json\/wp\/v2\/product\/6613","targetHints":{"allow":["GET"]}}],"collection":[{"href":"https:\/\/turismo-wheels.com\/en\/wp-json\/wp\/v2\/product"}],"about":[{"href":"https:\/\/turismo-wheels.com\/en\/wp-json\/wp\/v2\/types\/product"}],"wp:featuredmedia":[{"embeddable":true,"href":"https:\/\/turismo-wheels.com\/en\/wp-json\/wp\/v2\/media\/5945"}],"wp:attachment":[{"href":"https:\/\/turismo-wheels.com\/en\/wp-json\/wp\/v2\/media?parent=6613"}],"wp:term":[{"taxonomy":"product_brand","embeddable":true,"href":"https:\/\/turismo-wheels.com\/en\/wp-json\/wp\/v2\/product_brand?post=6613"},{"taxonomy":"product_cat","embeddable":true,"href":"https:\/\/turismo-wheels.com\/en\/wp-json\/wp\/v2\/product_cat?post=6613"},{"taxonomy":"product_tag","embeddable":true,"href":"https:\/\/turismo-wheels.com\/en\/wp-json\/wp\/v2\/product_tag?post=6613"}],"curies":[{"name":"wp","href":"https:\/\/api.w.org\/{rel}","templated":true}]}}