{"id":11627,"date":"2025-06-25T15:51:49","date_gmt":"2025-06-25T13:51:49","guid":{"rendered":"https:\/\/turismo-wheels.com\/prod\/turismo-forged-x03\/"},"modified":"2025-06-25T15:51:49","modified_gmt":"2025-06-25T13:51:49","slug":"turismo-forged-x03","status":"publish","type":"product","link":"https:\/\/turismo-wheels.com\/en\/prod\/turismo-forged-x03\/","title":{"rendered":"Turismo Forged X03"},"content":{"rendered":"<p data-start=\"84\" data-end=\"168\"><strong data-start=\"84\" data-end=\"168\">Turismo Forged X03 rims \u2013 professional wheels for motorsport and the racetrack<\/strong><\/p>\n<p data-start=\"170\" data-end=\"515\">Ultralight, forged aluminum wheels made from high-quality 6061 aluminum alloy. Designed for <strong data-start=\"313\" data-end=\"335\">track racing<\/strong>, they combine maximum strength with minimal weight. The X03 is the ideal choice for professional racing teams and the most demanding motorsport enthusiasts.  <\/p>\n<p data-start=\"517\" data-end=\"766\">Originally designed from the ground up for the Porsche <strong data-start=\"575\" data-end=\"602\">911.992 GT3 CUP<\/strong>, the Turismo X03 wheels were developed and tested in collaboration with the renowned <strong data-start=\"684\" data-end=\"700\">Speedmasters<\/strong> racing team, guaranteeing the highest levels of performance and reliability on the track. <strong>The X03 wheels are also available in a magnesium version<\/strong>, perfectly suited to the most demanding track conditions. <\/p>\n<h5 data-start=\"893\" data-end=\"926\">Individual wheel fitting<\/h5>\n<p data-start=\"928\" data-end=\"1174\">Upon request, we can customize X03 wheels to fit a <strong data-start=\"999\" data-end=\"1028\">specific car model<\/strong>, including those with traditional bolt patterns (without the center-lock system). This is an ideal solution for owners of other sports cars and classic models. <\/p>\n<h5 data-start=\"1176\" data-end=\"1202\">Color variants<\/h5>\n<p data-start=\"1204\" data-end=\"1293\">By default, the Turismo X03 wheels for the Porsche 911.992 GT3 CUP are available in four colors:<\/p>\n<ul data-start=\"1295\" data-end=\"1402\">\n<li data-start=\"1295\" data-end=\"1321\">\n<p data-start=\"1297\" data-end=\"1321\"><strong data-start=\"1297\" data-end=\"1319\">Satin Black (S-BK)<\/strong><\/p>\n<\/li>\n<li data-start=\"1322\" data-end=\"1349\">\n<p data-start=\"1324\" data-end=\"1349\"><strong data-start=\"1324\" data-end=\"1347\">Satin Bronze (S-BR)<\/strong><\/p>\n<\/li>\n<li data-start=\"1350\" data-end=\"1375\">\n<p data-start=\"1352\" data-end=\"1375\"><strong data-start=\"1352\" data-end=\"1373\">Satin Gold (S-GD)<\/strong><\/p>\n<\/li>\n<li data-start=\"1376\" data-end=\"1402\">\n<p data-start=\"1378\" data-end=\"1402\"><strong data-start=\"1378\" data-end=\"1400\">Gloss White (G-WH)<\/strong><\/p>\n<\/li>\n<\/ul>\n<p data-start=\"1404\" data-end=\"1612\">Each version features a distinctive red rim, matching the color of the center lock screw. The <strong data-start=\"1545\" data-end=\"1584\">color and finish can be customized<\/strong> to suit the customer&#8217;s preferences. <\/p>\n","protected":false},"excerpt":{"rendered":"<p>Ultralight wheels made of forged 6061 aluminum. Designed for track use with maximum durability and weight reduction in mind, the <strong>Turismo X03<\/strong> is the ideal option for the most demanding customers and racing teams. <\/p>\n","protected":false},"featured_media":11390,"template":"","meta":{"_acf_changed":false},"product_brand":[],"product_cat":[532],"product_tag":[1247,1244,541,1242,1246,1245,540,1243],"class_list":{"0":"post-11627","1":"product","2":"type-product","3":"status-publish","4":"has-post-thumbnail","6":"product_cat-forged-wheels","7":"product_tag-911-en","8":"product_tag-center-lock-en","9":"product_tag-forged-en","10":"product_tag-motorsport-en","11":"product_tag-porsche-en","12":"product_tag-racing-en","13":"product_tag-turismo-en","14":"product_tag-x03-en","16":"first","17":"onbackorder","18":"taxable","19":"shipping-taxable","20":"purchasable","21":"product-type-variable","22":"wvs-archive-product-wrapper"},"acf":[],"yoast_head":"<!-- This site is optimized with the Yoast SEO Premium plugin v26.2 (Yoast SEO v26.2) - https:\/\/yoast.com\/wordpress\/plugins\/seo\/ -->\n<title>Wheels for motorsport Turismo Forged X03 &#8212; Turismo Wheels<\/title>\n<meta name=\"description\" content=\"Ultralight motorsport wheels made from forged 6061 aluminum. Designed for track use with maximum durability and weight reduction in mind.\" \/>\n<meta name=\"robots\" content=\"index, follow, max-snippet:-1, max-image-preview:large, max-video-preview:-1\" \/>\n<link rel=\"canonical\" href=\"https:\/\/turismo-wheels.com\/en\/prod\/turismo-forged-x03\/\" \/>\n<meta property=\"og:locale\" content=\"en_US\" \/>\n<meta property=\"og:type\" content=\"article\" \/>\n<meta property=\"og:title\" content=\"Turismo Forged X03\" \/>\n<meta property=\"og:description\" content=\"Ultralight motorsport wheels made from forged 6061 aluminum. Designed for track use with maximum durability and weight reduction in mind.\" \/>\n<meta property=\"og:url\" content=\"https:\/\/turismo-wheels.com\/en\/prod\/turismo-forged-x03\/\" \/>\n<meta property=\"og:site_name\" content=\"Turismo Wheels\" \/>\n<meta property=\"article:publisher\" content=\"https:\/\/www.facebook.com\/turismowheels\" \/>\n<meta property=\"og:image\" content=\"https:\/\/turismo-wheels.com\/wp-content\/uploads\/2025\/06\/TURISMO_FORGED_X03_ROTOR_S-BK_002-1024x1024.png\" \/>\n\t<meta property=\"og:image:width\" content=\"1024\" \/>\n\t<meta property=\"og:image:height\" content=\"1024\" \/>\n\t<meta property=\"og:image:type\" content=\"image\/png\" \/>\n<meta name=\"twitter:card\" content=\"summary_large_image\" \/>\n<meta name=\"twitter:label1\" content=\"Availability\" \/>\n\t<meta name=\"twitter:data1\" content=\"On backorder\" \/>\n<script type=\"application\/ld+json\" class=\"yoast-schema-graph\">{\"@context\":\"https:\/\/schema.org\",\"@graph\":[{\"@type\":\"WebPage\",\"@id\":\"https:\/\/turismo-wheels.com\/en\/prod\/turismo-forged-x03\/\",\"url\":\"https:\/\/turismo-wheels.com\/en\/prod\/turismo-forged-x03\/\",\"name\":\"Wheels for motorsport Turismo Forged X03 &#8212; Turismo Wheels\",\"isPartOf\":{\"@id\":\"https:\/\/turismo-wheels.com\/#website\"},\"primaryImageOfPage\":{\"@id\":\"https:\/\/turismo-wheels.com\/en\/prod\/turismo-forged-x03\/#primaryimage\"},\"image\":{\"@id\":\"https:\/\/turismo-wheels.com\/en\/prod\/turismo-forged-x03\/#primaryimage\"},\"thumbnailUrl\":\"https:\/\/turismo-wheels.com\/wp-content\/uploads\/2025\/06\/TURISMO_FORGED_X03_ROTOR_S-BK_002-scaled.png\",\"datePublished\":\"2025-06-25T13:51:49+00:00\",\"description\":\"Ultralight motorsport wheels made from forged 6061 aluminum. Designed for track use with maximum durability and weight reduction in mind.\",\"breadcrumb\":{\"@id\":\"https:\/\/turismo-wheels.com\/en\/prod\/turismo-forged-x03\/#breadcrumb\"},\"inLanguage\":\"en-US\",\"potentialAction\":[{\"@type\":\"ReadAction\",\"target\":[\"https:\/\/turismo-wheels.com\/en\/prod\/turismo-forged-x03\/\"]}]},{\"@type\":\"ImageObject\",\"inLanguage\":\"en-US\",\"@id\":\"https:\/\/turismo-wheels.com\/en\/prod\/turismo-forged-x03\/#primaryimage\",\"url\":\"https:\/\/turismo-wheels.com\/wp-content\/uploads\/2025\/06\/TURISMO_FORGED_X03_ROTOR_S-BK_002-scaled.png\",\"contentUrl\":\"https:\/\/turismo-wheels.com\/wp-content\/uploads\/2025\/06\/TURISMO_FORGED_X03_ROTOR_S-BK_002-scaled.png\",\"width\":2560,\"height\":2560},{\"@type\":\"BreadcrumbList\",\"@id\":\"https:\/\/turismo-wheels.com\/en\/prod\/turismo-forged-x03\/#breadcrumb\",\"itemListElement\":[{\"@type\":\"ListItem\",\"position\":1,\"name\":\"Home\",\"item\":\"https:\/\/turismo-wheels.com\/en\/home\/\"},{\"@type\":\"ListItem\",\"position\":2,\"name\":\"Shop\",\"item\":\"https:\/\/turismo-wheels.com\/en\/shop\/\"},{\"@type\":\"ListItem\",\"position\":3,\"name\":\"Turismo Forged X03\"}]},{\"@type\":\"WebSite\",\"@id\":\"https:\/\/turismo-wheels.com\/#website\",\"url\":\"https:\/\/turismo-wheels.com\/\",\"name\":\"Turismo Wheels\",\"description\":\"Manufacturer of flowform wheels and custom forged aluminum wheels\",\"publisher\":{\"@id\":\"https:\/\/turismo-wheels.com\/#organization\"},\"potentialAction\":[{\"@type\":\"SearchAction\",\"target\":{\"@type\":\"EntryPoint\",\"urlTemplate\":\"https:\/\/turismo-wheels.com\/?s={search_term_string}\"},\"query-input\":{\"@type\":\"PropertyValueSpecification\",\"valueRequired\":true,\"valueName\":\"search_term_string\"}}],\"inLanguage\":\"en-US\"},{\"@type\":\"Organization\",\"@id\":\"https:\/\/turismo-wheels.com\/#organization\",\"name\":\"Turismo Wheels\",\"alternateName\":\"Turismo\",\"url\":\"https:\/\/turismo-wheels.com\/\",\"logo\":{\"@type\":\"ImageObject\",\"inLanguage\":\"en-US\",\"@id\":\"https:\/\/turismo-wheels.com\/#\/schema\/logo\/image\/\",\"url\":\"https:\/\/turismo-wheels.com\/wp-content\/uploads\/2024\/03\/turismo-logo-rgb-sygnet.png\",\"contentUrl\":\"https:\/\/turismo-wheels.com\/wp-content\/uploads\/2024\/03\/turismo-logo-rgb-sygnet.png\",\"width\":512,\"height\":512,\"caption\":\"Turismo Wheels\"},\"image\":{\"@id\":\"https:\/\/turismo-wheels.com\/#\/schema\/logo\/image\/\"},\"sameAs\":[\"https:\/\/www.facebook.com\/turismowheels\",\"https:\/\/www.instagram.com\/turismo_wheels\/\",\"https:\/\/www.youtube.com\/@turismo_wheels\"],\"description\":\"Producent najwy\u017cszej jako\u015bci felg aluminiowych z kutego aluminium 6061 oraz magnezu do samochod\u00f3w klasy premium.\",\"email\":\"bok@turismo-wheels.com\",\"telephone\":\"+48 798 412 782\",\"legalName\":\"Turismo sp. z o.o.\",\"vatID\":\"PL8943152934\",\"numberOfEmployees\":{\"@type\":\"QuantitativeValue\",\"minValue\":\"1\",\"maxValue\":\"10\"},\"hasMerchantReturnPolicy\":{\"@type\":\"MerchantReturnPolicy\",\"merchantReturnLink\":\"https:\/\/turismo-wheels.com\/polityka-zwrotow\/\"}}]}<\/script>\n<meta property=\"product:brand\" content=\"Turismo\" \/>\n<meta property=\"og:availability\" content=\"backorder\" \/>\n<meta property=\"product:availability\" content=\"available for order\" \/>\n<meta property=\"product:retailer_item_id\" content=\"CUSTOM-X03\" \/>\n<meta property=\"product:condition\" content=\"new\" \/>\n<!-- \/ Yoast SEO Premium plugin. -->","yoast_head_json":{"title":"Wheels for motorsport Turismo Forged X03 &#8212; Turismo Wheels","description":"Ultralight motorsport wheels made from forged 6061 aluminum. Designed for track use with maximum durability and weight reduction in mind.","robots":{"index":"index","follow":"follow","max-snippet":"max-snippet:-1","max-image-preview":"max-image-preview:large","max-video-preview":"max-video-preview:-1"},"canonical":"https:\/\/turismo-wheels.com\/en\/prod\/turismo-forged-x03\/","og_locale":"en_US","og_type":"article","og_title":"Turismo Forged X03","og_description":"Ultralight motorsport wheels made from forged 6061 aluminum. Designed for track use with maximum durability and weight reduction in mind.","og_url":"https:\/\/turismo-wheels.com\/en\/prod\/turismo-forged-x03\/","og_site_name":"Turismo Wheels","article_publisher":"https:\/\/www.facebook.com\/turismowheels","og_image":[{"width":1024,"height":1024,"url":"https:\/\/turismo-wheels.com\/wp-content\/uploads\/2025\/06\/TURISMO_FORGED_X03_ROTOR_S-BK_002-1024x1024.png","type":"image\/png"}],"twitter_card":"summary_large_image","twitter_misc":{"Availability":"On backorder"},"schema":{"@context":"https:\/\/schema.org","@graph":[{"@type":"WebPage","@id":"https:\/\/turismo-wheels.com\/en\/prod\/turismo-forged-x03\/","url":"https:\/\/turismo-wheels.com\/en\/prod\/turismo-forged-x03\/","name":"Wheels for motorsport Turismo Forged X03 &#8212; Turismo Wheels","isPartOf":{"@id":"https:\/\/turismo-wheels.com\/#website"},"primaryImageOfPage":{"@id":"https:\/\/turismo-wheels.com\/en\/prod\/turismo-forged-x03\/#primaryimage"},"image":{"@id":"https:\/\/turismo-wheels.com\/en\/prod\/turismo-forged-x03\/#primaryimage"},"thumbnailUrl":"https:\/\/turismo-wheels.com\/wp-content\/uploads\/2025\/06\/TURISMO_FORGED_X03_ROTOR_S-BK_002-scaled.png","datePublished":"2025-06-25T13:51:49+00:00","description":"Ultralight motorsport wheels made from forged 6061 aluminum. Designed for track use with maximum durability and weight reduction in mind.","breadcrumb":{"@id":"https:\/\/turismo-wheels.com\/en\/prod\/turismo-forged-x03\/#breadcrumb"},"inLanguage":"en-US","potentialAction":[{"@type":"ReadAction","target":["https:\/\/turismo-wheels.com\/en\/prod\/turismo-forged-x03\/"]}]},{"@type":"ImageObject","inLanguage":"en-US","@id":"https:\/\/turismo-wheels.com\/en\/prod\/turismo-forged-x03\/#primaryimage","url":"https:\/\/turismo-wheels.com\/wp-content\/uploads\/2025\/06\/TURISMO_FORGED_X03_ROTOR_S-BK_002-scaled.png","contentUrl":"https:\/\/turismo-wheels.com\/wp-content\/uploads\/2025\/06\/TURISMO_FORGED_X03_ROTOR_S-BK_002-scaled.png","width":2560,"height":2560},{"@type":"BreadcrumbList","@id":"https:\/\/turismo-wheels.com\/en\/prod\/turismo-forged-x03\/#breadcrumb","itemListElement":[{"@type":"ListItem","position":1,"name":"Home","item":"https:\/\/turismo-wheels.com\/en\/home\/"},{"@type":"ListItem","position":2,"name":"Shop","item":"https:\/\/turismo-wheels.com\/en\/shop\/"},{"@type":"ListItem","position":3,"name":"Turismo Forged X03"}]},{"@type":"WebSite","@id":"https:\/\/turismo-wheels.com\/#website","url":"https:\/\/turismo-wheels.com\/","name":"Turismo Wheels","description":"Manufacturer of flowform wheels and custom forged aluminum wheels","publisher":{"@id":"https:\/\/turismo-wheels.com\/#organization"},"potentialAction":[{"@type":"SearchAction","target":{"@type":"EntryPoint","urlTemplate":"https:\/\/turismo-wheels.com\/?s={search_term_string}"},"query-input":{"@type":"PropertyValueSpecification","valueRequired":true,"valueName":"search_term_string"}}],"inLanguage":"en-US"},{"@type":"Organization","@id":"https:\/\/turismo-wheels.com\/#organization","name":"Turismo Wheels","alternateName":"Turismo","url":"https:\/\/turismo-wheels.com\/","logo":{"@type":"ImageObject","inLanguage":"en-US","@id":"https:\/\/turismo-wheels.com\/#\/schema\/logo\/image\/","url":"https:\/\/turismo-wheels.com\/wp-content\/uploads\/2024\/03\/turismo-logo-rgb-sygnet.png","contentUrl":"https:\/\/turismo-wheels.com\/wp-content\/uploads\/2024\/03\/turismo-logo-rgb-sygnet.png","width":512,"height":512,"caption":"Turismo Wheels"},"image":{"@id":"https:\/\/turismo-wheels.com\/#\/schema\/logo\/image\/"},"sameAs":["https:\/\/www.facebook.com\/turismowheels","https:\/\/www.instagram.com\/turismo_wheels\/","https:\/\/www.youtube.com\/@turismo_wheels"],"description":"Producent najwy\u017cszej jako\u015bci felg aluminiowych z kutego aluminium 6061 oraz magnezu do samochod\u00f3w klasy premium.","email":"bok@turismo-wheels.com","telephone":"+48 798 412 782","legalName":"Turismo sp. z o.o.","vatID":"PL8943152934","numberOfEmployees":{"@type":"QuantitativeValue","minValue":"1","maxValue":"10"},"hasMerchantReturnPolicy":{"@type":"MerchantReturnPolicy","merchantReturnLink":"https:\/\/turismo-wheels.com\/polityka-zwrotow\/"}}]},"product_brand":"Turismo","og_availability":"backorder","product_availability":"available for order","product_retailer_item_id":"CUSTOM-X03","product_condition":"new"},"_links":{"self":[{"href":"https:\/\/turismo-wheels.com\/en\/wp-json\/wp\/v2\/product\/11627","targetHints":{"allow":["GET"]}}],"collection":[{"href":"https:\/\/turismo-wheels.com\/en\/wp-json\/wp\/v2\/product"}],"about":[{"href":"https:\/\/turismo-wheels.com\/en\/wp-json\/wp\/v2\/types\/product"}],"wp:featuredmedia":[{"embeddable":true,"href":"https:\/\/turismo-wheels.com\/en\/wp-json\/wp\/v2\/media\/11390"}],"wp:attachment":[{"href":"https:\/\/turismo-wheels.com\/en\/wp-json\/wp\/v2\/media?parent=11627"}],"wp:term":[{"taxonomy":"product_brand","embeddable":true,"href":"https:\/\/turismo-wheels.com\/en\/wp-json\/wp\/v2\/product_brand?post=11627"},{"taxonomy":"product_cat","embeddable":true,"href":"https:\/\/turismo-wheels.com\/en\/wp-json\/wp\/v2\/product_cat?post=11627"},{"taxonomy":"product_tag","embeddable":true,"href":"https:\/\/turismo-wheels.com\/en\/wp-json\/wp\/v2\/product_tag?post=11627"}],"curies":[{"name":"wp","href":"https:\/\/api.w.org\/{rel}","templated":true}]}}